{"id":16650,"date":"2020-02-24T22:15:15","date_gmt":"2020-02-24T22:15:15","guid":{"rendered":"https:\/\/demo01.houzez.co\/?page_id=16650"},"modified":"2025-09-26T16:51:10","modified_gmt":"2025-09-26T14:51:10","slug":"inmomaurem","status":"publish","type":"page","link":"https:\/\/www.inmomaurem.com\/es\/inmomaurem\/","title":{"rendered":"Qui\u00e9nes somos"},"content":{"rendered":"\t\t<div data-elementor-type=\"wp-page\" data-elementor-id=\"16650\" class=\"elementor elementor-16650\">\n\t\t\t\t\t\t<section class=\"elementor-section elementor-top-section elementor-element elementor-element-5b81e21 elementor-section-height-min-height animated-slow elementor-section-boxed elementor-section-height-default elementor-section-items-middle elementor-invisible\" data-id=\"5b81e21\" data-element_type=\"section\" data-e-type=\"section\" data-settings=\"{&quot;background_background&quot;:&quot;classic&quot;,&quot;animation&quot;:&quot;fadeIn&quot;}\">\n\t\t\t\t\t\t\t<div class=\"elementor-background-overlay\"><\/div>\n\t\t\t\t\t\t\t<div class=\"elementor-container elementor-column-gap-default\">\n\t\t\t\t\t<div class=\"elementor-column elementor-col-100 elementor-top-column elementor-element elementor-element-ad367f8\" data-id=\"ad367f8\" data-element_type=\"column\" data-e-type=\"column\">\n\t\t\t<div class=\"elementor-widget-wrap elementor-element-populated\">\n\t\t\t\t\t\t<div class=\"elementor-element elementor-element-0e7939f elementor-widget elementor-widget-heading\" data-id=\"0e7939f\" data-element_type=\"widget\" data-e-type=\"widget\" data-widget_type=\"heading.default\">\n\t\t\t\t<div class=\"elementor-widget-container\">\n\t\t\t\t\t<h1 class=\"elementor-heading-title elementor-size-default\">\u00bfQui\u00e9nes somos?<\/h1>\t\t\t\t<\/div>\n\t\t\t\t<\/div>\n\t\t\t\t\t<\/div>\n\t\t<\/div>\n\t\t\t\t\t<\/div>\n\t\t<\/section>\n\t\t\t\t<section class=\"elementor-section elementor-top-section elementor-element elementor-element-09038dc elementor-section-boxed elementor-section-height-default elementor-section-height-default\" data-id=\"09038dc\" data-element_type=\"section\" data-e-type=\"section\" data-settings=\"{&quot;background_background&quot;:&quot;classic&quot;}\">\n\t\t\t\t\t\t<div class=\"elementor-container elementor-column-gap-default\">\n\t\t\t\t\t<div class=\"elementor-column elementor-col-100 elementor-top-column elementor-element elementor-element-c8278ac\" data-id=\"c8278ac\" data-element_type=\"column\" data-e-type=\"column\">\n\t\t\t<div class=\"elementor-widget-wrap elementor-element-populated\">\n\t\t\t\t\t\t<div class=\"elementor-element elementor-element-3271868 elementor-widget elementor-widget-spacer\" data-id=\"3271868\" data-element_type=\"widget\" data-e-type=\"widget\" data-widget_type=\"spacer.default\">\n\t\t\t\t<div class=\"elementor-widget-container\">\n\t\t\t\t\t\t\t<div class=\"elementor-spacer\">\n\t\t\t<div class=\"elementor-spacer-inner\"><\/div>\n\t\t<\/div>\n\t\t\t\t\t\t<\/div>\n\t\t\t\t<\/div>\n\t\t\t\t<div class=\"elementor-element elementor-element-e7372b6 animated-slow elementor-invisible elementor-widget elementor-widget-houzez_elementor_section_title\" data-id=\"e7372b6\" data-element_type=\"widget\" data-e-type=\"widget\" data-settings=\"{&quot;_animation&quot;:&quot;fadeIn&quot;}\" data-widget_type=\"houzez_elementor_section_title.default\">\n\t\t\t\t<div class=\"elementor-widget-container\">\n\t\t\t\t\t            <div class=\"houzez_section_title_wrap section-title-module\">\n                                    <h2 class=\"houzez_section_title\">Sobre nosotros<\/h2>\n                \n                            <\/div>\n            \t\t\t\t<\/div>\n\t\t\t\t<\/div>\n\t\t\t\t<div class=\"elementor-element elementor-element-69fe9b8 elementor-widget elementor-widget-text-editor\" data-id=\"69fe9b8\" data-element_type=\"widget\" data-e-type=\"widget\" data-widget_type=\"text-editor.default\">\n\t\t\t\t<div class=\"elementor-widget-container\">\n\t\t\t\t\t\t\t\t\t<p><span style=\"font-family: 'Tahoma',sans-serif;\">Con m\u00e1s de una d\u00e9cada de experiencia en ventas, hemos dado el paso hacia el apasionante mundo de bienes ra\u00edces con un prop\u00f3sito claro: ofrecer a nuestros clientes un asesoramiento experto, cercano y totalmente personalizado. Sabemos que encontrar la vivienda ideal es m\u00e1s que una simple transacci\u00f3n; es el inicio de una nueva etapa, y queremos acompa\u00f1arte en cada paso del camino.<\/span><\/p><p><span style=\"font-family: 'Tahoma',sans-serif;\">Nos especializamos en entender tus necesidades y convertirlas en realidades, gui\u00e1ndote con profesionalismo y transparencia para que tomes decisiones seguras y satisfactorias. No solo nos enfocamos en la compra y venta de propiedades, sino que tambi\u00e9n cuidamos de ti despu\u00e9s de la adquisici\u00f3n, ayud\u00e1ndote a contratar los servicios esenciales para tu nuevo hogar y asegur\u00e1ndonos de que todo est\u00e9 en perfectas condiciones.<\/span><\/p><p><span style=\"font-family: 'Tahoma',sans-serif;\">Creemos que el verdadero valor de nuestro trabajo est\u00e1 en la confianza que construimos con cada cliente. Por eso, tratamos cada propiedad como si fuera nuestra, ofreciendo un servicio cercano, exclusivo y dise\u00f1ado para que tu experiencia inmobiliaria sea tan gratificante como el hogar que est\u00e1s creando.<\/span><\/p><p><strong><span style=\"font-family: 'Tahoma',sans-serif;\">Tu hogar comienza aqu\u00ed, y nosotros estamos aqu\u00ed para hacerlo posible.<\/span><\/strong><\/p>\t\t\t\t\t\t\t\t<\/div>\n\t\t\t\t<\/div>\n\t\t\t\t<div class=\"elementor-element elementor-element-89a95a6 elementor-widget elementor-widget-spacer\" data-id=\"89a95a6\" data-element_type=\"widget\" data-e-type=\"widget\" data-widget_type=\"spacer.default\">\n\t\t\t\t<div class=\"elementor-widget-container\">\n\t\t\t\t\t\t\t<div class=\"elementor-spacer\">\n\t\t\t<div class=\"elementor-spacer-inner\"><\/div>\n\t\t<\/div>\n\t\t\t\t\t\t<\/div>\n\t\t\t\t<\/div>\n\t\t\t\t\t<\/div>\n\t\t<\/div>\n\t\t\t\t\t<\/div>\n\t\t<\/section>\n\t\t\t\t<section class=\"elementor-section elementor-top-section elementor-element elementor-element-fc78338 elementor-section-boxed elementor-section-height-default elementor-section-height-default\" data-id=\"fc78338\" data-element_type=\"section\" data-e-type=\"section\" data-settings=\"{&quot;background_background&quot;:&quot;classic&quot;}\">\n\t\t\t\t\t\t<div class=\"elementor-container elementor-column-gap-default\">\n\t\t\t\t\t<div class=\"elementor-column elementor-col-100 elementor-top-column elementor-element elementor-element-50dc01c\" data-id=\"50dc01c\" data-element_type=\"column\" data-e-type=\"column\">\n\t\t\t<div class=\"elementor-widget-wrap elementor-element-populated\">\n\t\t\t\t\t\t<div class=\"elementor-element elementor-element-1f9f780 elementor-widget elementor-widget-spacer\" data-id=\"1f9f780\" data-element_type=\"widget\" data-e-type=\"widget\" data-widget_type=\"spacer.default\">\n\t\t\t\t<div class=\"elementor-widget-container\">\n\t\t\t\t\t\t\t<div class=\"elementor-spacer\">\n\t\t\t<div class=\"elementor-spacer-inner\"><\/div>\n\t\t<\/div>\n\t\t\t\t\t\t<\/div>\n\t\t\t\t<\/div>\n\t\t\t\t<div class=\"elementor-element elementor-element-65f1be3 animated-slow elementor-invisible elementor-widget elementor-widget-houzez_elementor_section_title\" data-id=\"65f1be3\" data-element_type=\"widget\" data-e-type=\"widget\" data-settings=\"{&quot;_animation&quot;:&quot;fadeIn&quot;}\" data-widget_type=\"houzez_elementor_section_title.default\">\n\t\t\t\t<div class=\"elementor-widget-container\">\n\t\t\t\t\t            <div class=\"houzez_section_title_wrap section-title-module\">\n                                    <h2 class=\"houzez_section_title\">\u00bfQu\u00e9 podemos ofrecerte?<\/h2>\n                \n                                    <p class=\"houzez_section_subtitle\">Contamos con un amplio repertorio de servicios esenciales para tu hogar o negocio. Cons\u00faltanos sin compromiso<\/p>\n                            <\/div>\n            \t\t\t\t<\/div>\n\t\t\t\t<\/div>\n\t\t\t\t<section class=\"elementor-section elementor-inner-section elementor-element elementor-element-f5dcf34 elementor-section-boxed elementor-section-height-default elementor-section-height-default\" data-id=\"f5dcf34\" data-element_type=\"section\" data-e-type=\"section\">\n\t\t\t\t\t\t<div class=\"elementor-container elementor-column-gap-default\">\n\t\t\t\t\t<div class=\"elementor-column elementor-col-33 elementor-inner-column elementor-element elementor-element-021831b\" data-id=\"021831b\" data-element_type=\"column\" data-e-type=\"column\">\n\t\t\t<div class=\"elementor-widget-wrap elementor-element-populated\">\n\t\t\t\t\t\t<div class=\"elementor-element elementor-element-c109fa0 elementor-widget elementor-widget-Houzez_elementor_grid_builder\" data-id=\"c109fa0\" data-element_type=\"widget\" data-e-type=\"widget\" data-widget_type=\"Houzez_elementor_grid_builder.default\">\n\t\t\t\t<div class=\"elementor-widget-container\">\n\t\t\t\t\t\n        <div class=\"grid-item  grid-item-v2\" style=\"background-image: url(https:\/\/www.inmomaurem.com\/wp-content\/uploads\/2025\/05\/inmobiliaria.png)\">\n            <a class=\"grid-item-link hover-effect-flat\"  target=\"_blank\" href=\"\/contacto\/\">\n                <div class=\"grid-item-text-wrap\">\n\n                    \n                                        <div class=\"grid-item-title\">Servicios inmobiliarios<\/div>\n                                        \n                                            <div class=\"grid-item-text-link\">Compra, vende o alquila tu vivienda con total confianza gracias a nuestro seguro de cauci\u00f3n<\/div>\n                        <div class=\"grid-item-icon\">\n                            <i class=\"houzez-icon icon-arrow-button-right-2\"><\/i>\n                        <\/div>\n                                    <\/div><!-- taxonomy-text-wrap -->\n            <\/a>\n        <\/div>\n        \n        \t\t\t\t<\/div>\n\t\t\t\t<\/div>\n\t\t\t\t<div class=\"elementor-element elementor-element-d13a6f2 elementor-widget elementor-widget-Houzez_elementor_grid_builder\" data-id=\"d13a6f2\" data-element_type=\"widget\" data-e-type=\"widget\" data-widget_type=\"Houzez_elementor_grid_builder.default\">\n\t\t\t\t<div class=\"elementor-widget-container\">\n\t\t\t\t\t\n        <div class=\"grid-item  grid-item-v2\" style=\"background-image: url(https:\/\/www.inmomaurem.com\/wp-content\/uploads\/2025\/05\/internet.jpg)\">\n            <a class=\"grid-item-link hover-effect-flat\"  target=\"_blank\" href=\"\/contacto\/\">\n                <div class=\"grid-item-text-wrap\">\n\n                    \n                                        <div class=\"grid-item-title\">Telefon\u00eda m\u00f3vil e Internet<\/div>\n                                        \n                                            <div class=\"grid-item-text-link\">Seleccionamos la mejor oferta de Internet y\/o telefon\u00eda m\u00f3vil para tu hogar o negocio y gestionamos toda la contrataci\u00f3n por ti<\/div>\n                        <div class=\"grid-item-icon\">\n                            <i class=\"houzez-icon icon-arrow-button-right-2\"><\/i>\n                        <\/div>\n                                    <\/div><!-- taxonomy-text-wrap -->\n            <\/a>\n        <\/div>\n        \n        \t\t\t\t<\/div>\n\t\t\t\t<\/div>\n\t\t\t\t\t<\/div>\n\t\t<\/div>\n\t\t\t\t<div class=\"elementor-column elementor-col-33 elementor-inner-column elementor-element elementor-element-2c65433\" data-id=\"2c65433\" data-element_type=\"column\" data-e-type=\"column\">\n\t\t\t<div class=\"elementor-widget-wrap elementor-element-populated\">\n\t\t\t\t\t\t<div class=\"elementor-element elementor-element-340ea04 elementor-widget elementor-widget-Houzez_elementor_grid_builder\" data-id=\"340ea04\" data-element_type=\"widget\" data-e-type=\"widget\" data-widget_type=\"Houzez_elementor_grid_builder.default\">\n\t\t\t\t<div class=\"elementor-widget-container\">\n\t\t\t\t\t\n        <div class=\"grid-item  grid-item-v2\" style=\"background-image: url(https:\/\/www.inmomaurem.com\/wp-content\/uploads\/2025\/05\/seguros.jpg)\">\n            <a class=\"grid-item-link hover-effect-flat\"  target=\"_blank\" href=\"\/contacto\/\">\n                <div class=\"grid-item-text-wrap\">\n\n                    \n                                        <div class=\"grid-item-title\">Seguros<\/div>\n                                        \n                                            <div class=\"grid-item-text-link\">Seguros de todo tipo. Para que s\u00f3lo te preocupes de lo que realmente importa<\/div>\n                        <div class=\"grid-item-icon\">\n                            <i class=\"houzez-icon icon-arrow-button-right-2\"><\/i>\n                        <\/div>\n                                    <\/div><!-- taxonomy-text-wrap -->\n            <\/a>\n        <\/div>\n        \n        \t\t\t\t<\/div>\n\t\t\t\t<\/div>\n\t\t\t\t<div class=\"elementor-element elementor-element-cc1b338 elementor-widget elementor-widget-Houzez_elementor_grid_builder\" data-id=\"cc1b338\" data-element_type=\"widget\" data-e-type=\"widget\" data-widget_type=\"Houzez_elementor_grid_builder.default\">\n\t\t\t\t<div class=\"elementor-widget-container\">\n\t\t\t\t\t\n        <div class=\"grid-item  grid-item-v2\" style=\"background-image: url(https:\/\/www.inmomaurem.com\/wp-content\/uploads\/2025\/05\/eficiencia-energetica.jpg)\">\n            <a class=\"grid-item-link hover-effect-flat\"  target=\"_blank\" href=\"\/contacto\/\">\n                <div class=\"grid-item-text-wrap\">\n\n                    \n                                        <div class=\"grid-item-title\">Eficiencia energ\u00e9tica<\/div>\n                                        \n                                            <div class=\"grid-item-text-link\">Mejora tu factura de la luz con nuestro comparador, obt\u00e9n tu certificado energ\u00e9tico para venta o alquiler. Tambi\u00e9n estudiamos la viabilidad para instalar paneles solares y ahorrar en tu factura de la luz.<\/div>\n                        <div class=\"grid-item-icon\">\n                            <i class=\"houzez-icon icon-arrow-button-right-2\"><\/i>\n                        <\/div>\n                                    <\/div><!-- taxonomy-text-wrap -->\n            <\/a>\n        <\/div>\n        \n        \t\t\t\t<\/div>\n\t\t\t\t<\/div>\n\t\t\t\t\t<\/div>\n\t\t<\/div>\n\t\t\t\t<div class=\"elementor-column elementor-col-33 elementor-inner-column elementor-element elementor-element-b799d53\" data-id=\"b799d53\" data-element_type=\"column\" data-e-type=\"column\">\n\t\t\t<div class=\"elementor-widget-wrap elementor-element-populated\">\n\t\t\t\t\t\t<div class=\"elementor-element elementor-element-ad1d0a7 elementor-widget elementor-widget-Houzez_elementor_grid_builder\" data-id=\"ad1d0a7\" data-element_type=\"widget\" data-e-type=\"widget\" data-widget_type=\"Houzez_elementor_grid_builder.default\">\n\t\t\t\t<div class=\"elementor-widget-container\">\n\t\t\t\t\t\n        <div class=\"grid-item  grid-item-v3\" style=\"background-image: url(https:\/\/www.inmomaurem.com\/wp-content\/uploads\/2025\/05\/alarma.png)\">\n            <a class=\"grid-item-link hover-effect-flat\"  target=\"_blank\" href=\"\/alarmas\/\">\n                <div class=\"grid-item-text-wrap\">\n\n                    \n                                        <div class=\"grid-item-title\">Alarmas<\/div>\n                                        \n                                            <div class=\"grid-item-text-link\">Servicios integrales de seguridad para proteger tu hogar o negocio frente a intrusos.<\/div>\n                        <div class=\"grid-item-icon\">\n                            <i class=\"houzez-icon icon-arrow-button-right-2\"><\/i>\n                        <\/div>\n                                    <\/div><!-- taxonomy-text-wrap -->\n            <\/a>\n        <\/div>\n        \n        \t\t\t\t<\/div>\n\t\t\t\t<\/div>\n\t\t\t\t\t<\/div>\n\t\t<\/div>\n\t\t\t\t\t<\/div>\n\t\t<\/section>\n\t\t\t\t<div class=\"elementor-element elementor-element-f2e0774 elementor-widget elementor-widget-spacer\" data-id=\"f2e0774\" data-element_type=\"widget\" data-e-type=\"widget\" data-widget_type=\"spacer.default\">\n\t\t\t\t<div class=\"elementor-widget-container\">\n\t\t\t\t\t\t\t<div class=\"elementor-spacer\">\n\t\t\t<div class=\"elementor-spacer-inner\"><\/div>\n\t\t<\/div>\n\t\t\t\t\t\t<\/div>\n\t\t\t\t<\/div>\n\t\t\t\t\t<\/div>\n\t\t<\/div>\n\t\t\t\t\t<\/div>\n\t\t<\/section>\n\t\t\t\t<\/div>\n\t\t","protected":false},"excerpt":{"rendered":"<p>\u00bfQui\u00e9nes somos? Sobre nosotros Con m\u00e1s de una d\u00e9cada de experiencia en ventas, hemos dado el paso hacia el apasionante mundo de bienes ra\u00edces con un prop\u00f3sito claro: ofrecer a nuestros clientes un asesoramiento experto, cercano y totalmente personalizado. Sabemos que encontrar la vivienda ideal es m\u00e1s que una simple transacci\u00f3n; es el inicio de [&hellip;]<\/p>\n","protected":false},"author":1,"featured_media":0,"parent":0,"menu_order":0,"comment_status":"closed","ping_status":"closed","template":"template\/template-homepage.php","meta":{"footnotes":""},"class_list":["post-16650","page","type-page","status-publish","hentry"],"yoast_head":"<!-- This site is optimized with the Yoast SEO plugin v27.4 - https:\/\/yoast.com\/product\/yoast-seo-wordpress\/ -->\n<title>InmoMaurem - Inmobiliaria y esenciales para hogar y negocio<\/title>\n<meta name=\"description\" content=\"En InmoMaurem te ayudamos a encontrar tu vivienda en propiedad o alquiler. Dotamos, adem\u00e1s, de servicios esenciales para hogares y empresas.\" \/>\n<meta name=\"robots\" content=\"index, follow, max-snippet:-1, max-image-preview:large, max-video-preview:-1\" \/>\n<link rel=\"canonical\" href=\"https:\/\/www.inmomaurem.com\/es\/inmomaurem\/\" \/>\n<meta property=\"og:locale\" content=\"es_ES\" \/>\n<meta property=\"og:type\" content=\"article\" \/>\n<meta property=\"og:title\" content=\"InmoMaurem - Inmobiliaria y esenciales para hogar y negocio\" \/>\n<meta property=\"og:description\" content=\"En InmoMaurem te ayudamos a encontrar tu vivienda en propiedad o alquiler. Dotamos, adem\u00e1s, de servicios esenciales para hogares y empresas.\" \/>\n<meta property=\"og:url\" content=\"https:\/\/www.inmomaurem.com\/es\/inmomaurem\/\" \/>\n<meta property=\"og:site_name\" content=\"InmoMaurem\" \/>\n<meta property=\"article:modified_time\" content=\"2025-09-26T14:51:10+00:00\" \/>\n<meta name=\"twitter:card\" content=\"summary_large_image\" \/>\n<meta name=\"twitter:label1\" content=\"Tiempo de lectura\" \/>\n\t<meta name=\"twitter:data1\" content=\"2 minutos\" \/>\n<script type=\"application\/ld+json\" class=\"yoast-schema-graph\">{\"@context\":\"https:\\\/\\\/schema.org\",\"@graph\":[{\"@type\":\"WebPage\",\"@id\":\"https:\\\/\\\/www.inmomaurem.com\\\/es\\\/inmomaurem\\\/\",\"url\":\"https:\\\/\\\/www.inmomaurem.com\\\/es\\\/inmomaurem\\\/\",\"name\":\"InmoMaurem - Inmobiliaria y esenciales para hogar y negocio\",\"isPartOf\":{\"@id\":\"https:\\\/\\\/www.inmomaurem.com\\\/#website\"},\"datePublished\":\"2020-02-24T22:15:15+00:00\",\"dateModified\":\"2025-09-26T14:51:10+00:00\",\"description\":\"En InmoMaurem te ayudamos a encontrar tu vivienda en propiedad o alquiler. Dotamos, adem\u00e1s, de servicios esenciales para hogares y empresas.\",\"breadcrumb\":{\"@id\":\"https:\\\/\\\/www.inmomaurem.com\\\/es\\\/inmomaurem\\\/#breadcrumb\"},\"inLanguage\":\"es\",\"potentialAction\":[{\"@type\":\"ReadAction\",\"target\":[\"https:\\\/\\\/www.inmomaurem.com\\\/es\\\/inmomaurem\\\/\"]}]},{\"@type\":\"BreadcrumbList\",\"@id\":\"https:\\\/\\\/www.inmomaurem.com\\\/es\\\/inmomaurem\\\/#breadcrumb\",\"itemListElement\":[{\"@type\":\"ListItem\",\"position\":1,\"name\":\"Portada\",\"item\":\"https:\\\/\\\/www.inmomaurem.com\\\/\"},{\"@type\":\"ListItem\",\"position\":2,\"name\":\"Qui\u00e9nes somos\"}]},{\"@type\":\"WebSite\",\"@id\":\"https:\\\/\\\/www.inmomaurem.com\\\/#website\",\"url\":\"https:\\\/\\\/www.inmomaurem.com\\\/\",\"name\":\"InmoMaurem\",\"description\":\"Servicios  esenciales de hogar y negocio\",\"potentialAction\":[{\"@type\":\"SearchAction\",\"target\":{\"@type\":\"EntryPoint\",\"urlTemplate\":\"https:\\\/\\\/www.inmomaurem.com\\\/?s={search_term_string}\"},\"query-input\":{\"@type\":\"PropertyValueSpecification\",\"valueRequired\":true,\"valueName\":\"search_term_string\"}}],\"inLanguage\":\"es\"}]}<\/script>\n<!-- \/ Yoast SEO plugin. -->","yoast_head_json":{"title":"InmoMaurem - Inmobiliaria y esenciales para hogar y negocio","description":"En InmoMaurem te ayudamos a encontrar tu vivienda en propiedad o alquiler. Dotamos, adem\u00e1s, de servicios esenciales para hogares y empresas.","robots":{"index":"index","follow":"follow","max-snippet":"max-snippet:-1","max-image-preview":"max-image-preview:large","max-video-preview":"max-video-preview:-1"},"canonical":"https:\/\/www.inmomaurem.com\/es\/inmomaurem\/","og_locale":"es_ES","og_type":"article","og_title":"InmoMaurem - Inmobiliaria y esenciales para hogar y negocio","og_description":"En InmoMaurem te ayudamos a encontrar tu vivienda en propiedad o alquiler. Dotamos, adem\u00e1s, de servicios esenciales para hogares y empresas.","og_url":"https:\/\/www.inmomaurem.com\/es\/inmomaurem\/","og_site_name":"InmoMaurem","article_modified_time":"2025-09-26T14:51:10+00:00","twitter_card":"summary_large_image","twitter_misc":{"Tiempo de lectura":"2 minutos"},"schema":{"@context":"https:\/\/schema.org","@graph":[{"@type":"WebPage","@id":"https:\/\/www.inmomaurem.com\/es\/inmomaurem\/","url":"https:\/\/www.inmomaurem.com\/es\/inmomaurem\/","name":"InmoMaurem - Inmobiliaria y esenciales para hogar y negocio","isPartOf":{"@id":"https:\/\/www.inmomaurem.com\/#website"},"datePublished":"2020-02-24T22:15:15+00:00","dateModified":"2025-09-26T14:51:10+00:00","description":"En InmoMaurem te ayudamos a encontrar tu vivienda en propiedad o alquiler. Dotamos, adem\u00e1s, de servicios esenciales para hogares y empresas.","breadcrumb":{"@id":"https:\/\/www.inmomaurem.com\/es\/inmomaurem\/#breadcrumb"},"inLanguage":"es","potentialAction":[{"@type":"ReadAction","target":["https:\/\/www.inmomaurem.com\/es\/inmomaurem\/"]}]},{"@type":"BreadcrumbList","@id":"https:\/\/www.inmomaurem.com\/es\/inmomaurem\/#breadcrumb","itemListElement":[{"@type":"ListItem","position":1,"name":"Portada","item":"https:\/\/www.inmomaurem.com\/"},{"@type":"ListItem","position":2,"name":"Qui\u00e9nes somos"}]},{"@type":"WebSite","@id":"https:\/\/www.inmomaurem.com\/#website","url":"https:\/\/www.inmomaurem.com\/","name":"InmoMaurem","description":"Servicios  esenciales de hogar y negocio","potentialAction":[{"@type":"SearchAction","target":{"@type":"EntryPoint","urlTemplate":"https:\/\/www.inmomaurem.com\/?s={search_term_string}"},"query-input":{"@type":"PropertyValueSpecification","valueRequired":true,"valueName":"search_term_string"}}],"inLanguage":"es"}]}},"_links":{"self":[{"href":"https:\/\/www.inmomaurem.com\/es\/wp-json\/wp\/v2\/pages\/16650","targetHints":{"allow":["GET"]}}],"collection":[{"href":"https:\/\/www.inmomaurem.com\/es\/wp-json\/wp\/v2\/pages"}],"about":[{"href":"https:\/\/www.inmomaurem.com\/es\/wp-json\/wp\/v2\/types\/page"}],"author":[{"embeddable":true,"href":"https:\/\/www.inmomaurem.com\/es\/wp-json\/wp\/v2\/users\/1"}],"replies":[{"embeddable":true,"href":"https:\/\/www.inmomaurem.com\/es\/wp-json\/wp\/v2\/comments?post=16650"}],"version-history":[{"count":26,"href":"https:\/\/www.inmomaurem.com\/es\/wp-json\/wp\/v2\/pages\/16650\/revisions"}],"predecessor-version":[{"id":19257,"href":"https:\/\/www.inmomaurem.com\/es\/wp-json\/wp\/v2\/pages\/16650\/revisions\/19257"}],"wp:attachment":[{"href":"https:\/\/www.inmomaurem.com\/es\/wp-json\/wp\/v2\/media?parent=16650"}],"curies":[{"name":"wp","href":"https:\/\/api.w.org\/{rel}","templated":true}]}}