{"id":17499,"date":"2025-05-06T10:26:12","date_gmt":"2025-05-06T08:26:12","guid":{"rendered":"https:\/\/www.inmomaurem.com\/?page_id=17499"},"modified":"2025-05-06T12:10:52","modified_gmt":"2025-05-06T10:10:52","slug":"aviso-legal","status":"publish","type":"page","link":"https:\/\/www.inmomaurem.com\/es\/aviso-legal\/","title":{"rendered":"Aviso legal"},"content":{"rendered":"\t\t<div data-elementor-type=\"wp-page\" data-elementor-id=\"17499\" class=\"elementor elementor-17499\">\n\t\t\t\t<div class=\"elementor-element elementor-element-166c3e1e e-flex e-con-boxed e-con e-parent\" data-id=\"166c3e1e\" data-element_type=\"container\" data-e-type=\"container\">\n\t\t\t\t\t<div class=\"e-con-inner\">\n\t\t\t\t<div class=\"elementor-element elementor-element-75ae839a elementor-widget elementor-widget-text-editor\" data-id=\"75ae839a\" data-element_type=\"widget\" data-e-type=\"widget\" data-widget_type=\"text-editor.default\">\n\t\t\t\t<div class=\"elementor-widget-container\">\n\t\t\t\t\t\t\t\t\t<p><strong>1. Condiciones generales:<\/strong><\/p>\n<p>Esta nota legal contiene las condiciones que regulan el uso y acceso al sitio web https:\/\/www.inmomaurem.com (en adelante sitio o web) y las responsabilidades derivadas de su utilizaci\u00f3n, en cumplimiento con la Ley 34\/2002, de 11 de julio, de Servicios de la Sociedad de la Informaci\u00f3n y el Comercio Electr\u00f3nico (en adelante, LSSI). Se entender\u00e1 que el acceso o la mera utilizaci\u00f3n del sitio web por parte del usuario implica la adhesi\u00f3n del mismo a todas las condiciones que INMOMAUREM tenga publicadas en ese momento en la web. Se informa a los usuarios que INMOMAUREM respeta la legislaci\u00f3n vigente en materia de protecci\u00f3n de datos personales, la privacidad de los usuarios y el secreto y seguridad de sus datos personales, adoptando para ello las medidas t\u00e9cnicas y organizativas necesarias para evitar la p\u00e9rdida, el mal uso, la alteraci\u00f3n, el acceso no autorizado y el robo de los datos personales facilitados.<\/p>\n<p><strong>2. Titular:<\/strong><\/p>\n<p>El titular de este sitio web es:<\/p>\n<p>MAUREM JIM\u00c9NEZ VIDAL de ahora en adelante INMOMAUREM , con CIF 55392228V, tel\u00e9fono de contacto 693 637 405 y direcci\u00f3n de correo electr\u00f3nico info@inmomaurem.com<\/p>\n<p><strong>3. Objeto:<\/strong><\/p>\n<p>El objetivo de este sitio es informar de la actividad y servicios que desarrolla y ofrece INMOMAUREM.<\/p>\n<p><strong>4. Derechos de Propiedad Intelectual e Industrial:<\/strong><\/p>\n<p>La totalidad de este sitio web: descripci\u00f3n y caracter\u00edsticas, texto, im\u00e1genes, marcas, logotipos, botones, archivos de software, as\u00ed como la estructura, selecci\u00f3n, ordenaci\u00f3n y presentaci\u00f3n de sus contenidos se encuentra protegido por las Leyes espa\u00f1olas e internacionales sobre propiedad Intelectual e Industrial. En ning\u00fan caso el acceso por parte de terceros a dicho sitio implica alg\u00fan tipo de renuncia, transmisi\u00f3n o cesi\u00f3n total o parcial de los derechos otorgados por la legislaci\u00f3n espa\u00f1ola e internacional sobre propiedad Intelectual e Industrial.<\/p>\n<p>Quedan prohibidos la reproducci\u00f3n (excepto la descarga temporal desde el sitio web al disco duro del ordenador del usuario o a los servidores proxy), la copia, el uso, la distribuci\u00f3n, la reutilizaci\u00f3n, la explotaci\u00f3n, la realizaci\u00f3n de segundas copias, el env\u00edo por correo, la transmisi\u00f3n, la modificaci\u00f3n, la cesi\u00f3n o cualquier otro acto que se haga con la totalidad o parte de la informaci\u00f3n contenida en esta web que no haya sido expresamente autorizado por el titular. El usuario se obliga a usar los contenidos de forma diligente, correcta y l\u00edcita y, en particular, se compromete a abstenerse de suprimir, eludir o manipular el &#8220;copyright&#8221; y dem\u00e1s datos identificativos de los derechos de INMOMAUREM o de sus titulares incorporados a los contenidos, as\u00ed como los dispositivos t\u00e9cnicos de protecci\u00f3n o cualesquiera mecanismos de informaci\u00f3n que pudieran incluirse en los contenidos. https:\/\/www.inmomaurem.com es un dominio registrado por INMOMAUREM. El dominio no puede ser utilizado, salvo autorizaci\u00f3n expresa previa, en conexi\u00f3n con otros servicios que no sean de la empresa de ninguna manera que pueda causar confusi\u00f3n entre nuestros clientes o descr\u00e9dito de INMOMAUREM.<\/p>\n<p><strong>5. Acceso:<\/strong><\/p>\n<p>Los usuarios podr\u00e1n acceder al sitio de forma libre y gratuita. No obstante, INMOMAUREM se reserva el derecho de limitar el acceso a determinadas \u00e1reas del sitio web a aquellos usuarios que no posean las credenciales adecuadas. Dichas credenciales (usuario y contrase\u00f1a) son facilitadas por INMOMAUREM a sus clientes, o a aquellos usuarios que as\u00ed lo soliciten de forma expresa, con el fin de acceder a informaci\u00f3n espec\u00edfica para dicho grupo de usuarios. El uso de la contrase\u00f1a es personal e intransferible, no estando permitida la cesi\u00f3n, ni siquiera temporal, a terceros. En tal sentido, el usuario se compromete a hacer un uso diligente y a mantener en secreto la misma.<\/p>\n<p><strong>6. Responsabilidad y Obligaciones:<\/strong><\/p>\n<p><strong>6.1. Responsabilidad en cuanto al contenido<\/strong><\/p>\n<p>El contenido de este sitio web es de car\u00e1cter general, con una finalidad y efectos exclusivamente informativos de nuestros servicios y de nuestra actividad empresarial. INMOMAUREM se exime de cualquier responsabilidad respecto a cualquier decisi\u00f3n adoptada por el usuario del sitio web. INMOMAUREM rechaza la responsabilidad sobre cualquier informaci\u00f3n no elaborada por la empresa o no publicada de forma autorizada por \u00e9l bajo su nombre, al igual que la responsabilidad que se derive de la mala utilizaci\u00f3n de los contenidos. Igualmente, en relaci\u00f3n con los contenidos, INMOMAUREM se reserva el derecho a actualizarlos, eliminarlos, limitarlos o impedir el acceso a ellos, de manera temporal o definitiva.<\/p>\n<p><strong>6.2. Responsabilidad respecto a los enlaces a otras p\u00e1ginas webs (links)<\/strong><\/p>\n<p>Los enlaces introducidos en este sitio web son de car\u00e1cter meramente informativo y, por tanto, INMOMAUREM no controla ni verifica ninguna informaci\u00f3n, contenido, productos o servicios facilitados a trav\u00e9s de estos sitios web. En consecuencia, INMOMAUREM declina cualquier tipo de responsabilidad por cualquier aspecto, en especial el contenido, relativo a las p\u00e1ginas de enlace. Estos enlaces a otras p\u00e1ginas, as\u00ed como a los productos o servicios por ellas ofrecidos no implica respaldo, patrocinio o recomendaci\u00f3n por parte de INMOMAUREM.<\/p>\n<p><strong>6.3. Responsabilidad en el supuesto en que esta p\u00e1gina sea el destino del enlace introducido en otra p\u00e1gina<\/strong><\/p>\n<p>Por lo que se refiere a los enlaces establecidos por otras p\u00e1ginas con destino al sitio de INMOMAUREM deber\u00e1 atenerse a las siguientes estipulaciones: \u00b7 Deber\u00e1 solicitar autorizaci\u00f3n previamente a la realizaci\u00f3n del enlace y deber\u00e1 constar de forma expresa su otorgamiento.<\/p>\n<p>El enlace debe ser absoluto y completo, es decir, debe llevar al usuario a la propia direcci\u00f3n de INMOMAUREM y debe abarcar completamente toda la extensi\u00f3n de la pantalla de la p\u00e1gina inicial. En ning\u00fan caso, salvo autorizaci\u00f3n expresa y por escrito de INMOMAUREM, la p\u00e1gina que realice el enlace podr\u00e1 reproducir de cualquier manera el sitio web de INMOMAUREM, incluirlo como parte de su web o dentro de uno de sus &#8220;frames&#8221; o crear un &#8220;browser&#8221; sobre cualquiera de las p\u00e1ginas del web.<\/p>\n<p>No se dar\u00e1 ning\u00fan tipo de indicaci\u00f3n err\u00f3nea o incorrecta acerca de la p\u00e1gina de INMOMAUREM.<\/p>\n<p>Si se quisiera hacer constar alg\u00fan signo distintivo de INMOMAUREM, como marcas, logotipos y denominaci\u00f3n, deber\u00e1 contar con la autorizaci\u00f3n por escrito.<\/p>\n<p>El Titular de la p\u00e1gina que ofrece el enlace deber\u00e1 actuar de buena fe y no pretender\u00e1 afectar negativamente a la reputaci\u00f3n o buen nombre de INMOMAUREM.<\/p>\n<p>Se proh\u00edbe, salvo autorizaci\u00f3n expresa de INMOMAUREM, dar de alta los elementos de texto de la marca o del logotipo, el nombre de dominio o la denominaci\u00f3n social de INMOMAUREM, como palabra clave (&#8220;metatags&#8221; o &#8220;metanames&#8221;) para la b\u00fasqueda de sitios webs realizada a trav\u00e9s de buscadores. INMOMAUREM no asume ning\u00fan tipo de responsabilidad por cualquier aspecto relativo a la p\u00e1gina web que ofrece el enlace.<\/p>\n<p><strong>6.4. Responsabilidad aspectos t\u00e9cnicos:<\/strong><\/p>\n<p>INMOMAUREM har\u00e1 todo lo posible por dar un servicio estable y duradero, pero en ning\u00fan caso garantiza la continuidad del funcionamiento ni la operatividad y disponibilidad del sitio web por causas ajenas a su responsabilidad. INMOMAUREM no se hace responsable de los da\u00f1os y perjuicios directos o indirectos, incluidos da\u00f1os a sistemas inform\u00e1ticos e introducci\u00f3n de virus existentes en la red, derivados de la navegaci\u00f3n por Internet necesaria para el uso de este sitio web. Por este motivo, en ning\u00fan caso se indemnizar\u00e1 por posibles problemas debidos al mal funcionamiento del sistema.<\/p>\n<p><strong>6.5. Obligaciones de los usuarios:<\/strong><\/p>\n<p>El usuario responder\u00e1 de los da\u00f1os y perjuicios que INMOMAUREM pueda sufrir como consecuencia del incumplimiento, por su parte, de cualquiera de las obligaciones determinadas en esta nota legal. El usuario responder\u00e1, en cualquier caso, de la veracidad de los datos facilitados, reserv\u00e1ndose INMOMAUREM el derecho a excluir de los servicios registrados a todo usuario que haya facilitado datos falsos y a rescindir el contrato de seguro solicitado, sin perjuicio de las dem\u00e1s acciones que procedan en Derecho. El usuario no podr\u00e1 usar este servicio para transmitir cualquier clase de material ilegal, amenazante, difamatorio o cualquier otro tipo de material considerado ofensivo. De la misma forma, no podr\u00e1 hacer uso incorrecto de los contenidos de INMOMAUREM, utilizarlos con fines distintos a los previstos, reproduci\u00e9ndolos, modific\u00e1ndolos o transform\u00e1ndolos. Cualquier informaci\u00f3n obtenida en el sitio de INMOMAUREM y mostrado en una p\u00e1gina externa, deber\u00e1 mostrarse indicando debidamente la fuente, es decir, el nombre del sitio y el enlace o p\u00e1gina de donde se ha obtenido la informaci\u00f3n. Respecto a la navegaci\u00f3n, el usuario se compromete a observar diligente y fielmente las recomendaciones que en su momento establezca INMOMAUREM relativa al uso del sitio. A estos efectos INMOMAUREM se dirigir\u00e1 a los usuarios mediante cualquier medio de comunicaci\u00f3n a trav\u00e9s del sitio web.<\/p>\n<p><strong>7. Duraci\u00f3n y Modificaci\u00f3n:<\/strong><\/p>\n<p>INMOMAUREM tendr\u00e1 derecho a modificar unilateralmente los t\u00e9rminos y condiciones aqu\u00ed estipuladas, de forma total o parcial. Cualquier cambio aparecer\u00e1, y se pondr\u00e1 en conocimiento de los usuarios, de la misma forma en que se encuentran en esta nota legal. La vigencia temporal de esta nota legal coincide, por lo tanto, con el tiempo de su exposici\u00f3n, hasta el momento en que sean modificadas de forma total o parcial por INMOMAUREM. INMOMAUREM podr\u00e1 dar por terminada, suspender o interrumpir unilateralmente la operatividad de este sitio web, sin posibilidad de solicitar indemnizaci\u00f3n alguna por parte del usuario. Tras dicha extinci\u00f3n, el usuario deber\u00e1 destruir cualquier informaci\u00f3n sobre INMOMAUREM que posea en cualquier formato y que haya obtenido a trav\u00e9s del sitio o a trav\u00e9s de las comunicaciones realizadas de forma individual al usuario por la misma. INMOMAUREM no tendr\u00e1 ninguna obligaci\u00f3n de mantener contenido alguno ni de reenviar ning\u00fan mensaje no le\u00eddo o no enviado ni al usuario ni a un tercero.<\/p>\n<p><strong>8. Legislaci\u00f3n y Jurisdicci\u00f3n:<\/strong><\/p>\n<p>Estas condiciones de uso se rigen por la legislaci\u00f3n espa\u00f1ola. Las condiciones que aparecen en esta web est\u00e1n en todo caso sometidas a las Leyes y Tribunales espa\u00f1oles. En caso de controversias entre el usuario y INMOMAUREM, las partes expresamente pactan y acuerdan, respecto de la prestaci\u00f3n del servicio, con renuncia expresa a cualquier otro fuero, su sometimiento a los Tribunales y Juzgados de Torrevieja (Espa\u00f1a).<\/p>\t\t\t\t\t\t\t\t<\/div>\n\t\t\t\t<\/div>\n\t\t\t\t\t<\/div>\n\t\t\t\t<\/div>\n\t\t\t\t<\/div>\n\t\t","protected":false},"excerpt":{"rendered":"<p>1. Condiciones generales: Esta nota legal contiene las condiciones que regulan el uso y acceso al sitio web https:\/\/www.inmomaurem.com (en adelante sitio o web) y las responsabilidades derivadas de su utilizaci\u00f3n, en cumplimiento con la Ley 34\/2002, de 11 de julio, de Servicios de la Sociedad de la Informaci\u00f3n y el Comercio Electr\u00f3nico (en adelante, [&hellip;]<\/p>\n","protected":false},"author":1,"featured_media":0,"parent":0,"menu_order":0,"comment_status":"closed","ping_status":"closed","template":"template\/template-page.php","meta":{"footnotes":""},"class_list":["post-17499","page","type-page","status-publish","hentry"],"yoast_head":"<!-- This site is optimized with the Yoast SEO plugin v27.4 - https:\/\/yoast.com\/product\/yoast-seo-wordpress\/ -->\n<title>Aviso legal - InmoMaurem<\/title>\n<meta name=\"robots\" content=\"index, follow, max-snippet:-1, max-image-preview:large, max-video-preview:-1\" \/>\n<link rel=\"canonical\" href=\"https:\/\/www.inmomaurem.com\/es\/aviso-legal\/\" \/>\n<meta property=\"og:locale\" content=\"es_ES\" \/>\n<meta property=\"og:type\" content=\"article\" \/>\n<meta property=\"og:title\" content=\"Aviso legal - InmoMaurem\" \/>\n<meta property=\"og:description\" content=\"1. Condiciones generales: Esta nota legal contiene las condiciones que regulan el uso y acceso al sitio web https:\/\/www.inmomaurem.com (en adelante sitio o web) y las responsabilidades derivadas de su utilizaci\u00f3n, en cumplimiento con la Ley 34\/2002, de 11 de julio, de Servicios de la Sociedad de la Informaci\u00f3n y el Comercio Electr\u00f3nico (en adelante, [&hellip;]\" \/>\n<meta property=\"og:url\" content=\"https:\/\/www.inmomaurem.com\/es\/aviso-legal\/\" \/>\n<meta property=\"og:site_name\" content=\"InmoMaurem\" \/>\n<meta property=\"article:modified_time\" content=\"2025-05-06T10:10:52+00:00\" \/>\n<meta name=\"twitter:card\" content=\"summary_large_image\" \/>\n<meta name=\"twitter:label1\" content=\"Tiempo de lectura\" \/>\n\t<meta name=\"twitter:data1\" content=\"8 minutos\" \/>\n<script type=\"application\/ld+json\" class=\"yoast-schema-graph\">{\"@context\":\"https:\\\/\\\/schema.org\",\"@graph\":[{\"@type\":\"WebPage\",\"@id\":\"https:\\\/\\\/www.inmomaurem.com\\\/aviso-legal\\\/\",\"url\":\"https:\\\/\\\/www.inmomaurem.com\\\/aviso-legal\\\/\",\"name\":\"Aviso legal - InmoMaurem\",\"isPartOf\":{\"@id\":\"https:\\\/\\\/www.inmomaurem.com\\\/#website\"},\"datePublished\":\"2025-05-06T08:26:12+00:00\",\"dateModified\":\"2025-05-06T10:10:52+00:00\",\"breadcrumb\":{\"@id\":\"https:\\\/\\\/www.inmomaurem.com\\\/aviso-legal\\\/#breadcrumb\"},\"inLanguage\":\"es\",\"potentialAction\":[{\"@type\":\"ReadAction\",\"target\":[\"https:\\\/\\\/www.inmomaurem.com\\\/aviso-legal\\\/\"]}]},{\"@type\":\"BreadcrumbList\",\"@id\":\"https:\\\/\\\/www.inmomaurem.com\\\/aviso-legal\\\/#breadcrumb\",\"itemListElement\":[{\"@type\":\"ListItem\",\"position\":1,\"name\":\"Portada\",\"item\":\"https:\\\/\\\/www.inmomaurem.com\\\/\"},{\"@type\":\"ListItem\",\"position\":2,\"name\":\"Aviso legal\"}]},{\"@type\":\"WebSite\",\"@id\":\"https:\\\/\\\/www.inmomaurem.com\\\/#website\",\"url\":\"https:\\\/\\\/www.inmomaurem.com\\\/\",\"name\":\"InmoMaurem\",\"description\":\"Servicios  esenciales de hogar y negocio\",\"potentialAction\":[{\"@type\":\"SearchAction\",\"target\":{\"@type\":\"EntryPoint\",\"urlTemplate\":\"https:\\\/\\\/www.inmomaurem.com\\\/?s={search_term_string}\"},\"query-input\":{\"@type\":\"PropertyValueSpecification\",\"valueRequired\":true,\"valueName\":\"search_term_string\"}}],\"inLanguage\":\"es\"}]}<\/script>\n<!-- \/ Yoast SEO plugin. -->","yoast_head_json":{"title":"Aviso legal - InmoMaurem","robots":{"index":"index","follow":"follow","max-snippet":"max-snippet:-1","max-image-preview":"max-image-preview:large","max-video-preview":"max-video-preview:-1"},"canonical":"https:\/\/www.inmomaurem.com\/es\/aviso-legal\/","og_locale":"es_ES","og_type":"article","og_title":"Aviso legal - InmoMaurem","og_description":"1. Condiciones generales: Esta nota legal contiene las condiciones que regulan el uso y acceso al sitio web https:\/\/www.inmomaurem.com (en adelante sitio o web) y las responsabilidades derivadas de su utilizaci\u00f3n, en cumplimiento con la Ley 34\/2002, de 11 de julio, de Servicios de la Sociedad de la Informaci\u00f3n y el Comercio Electr\u00f3nico (en adelante, [&hellip;]","og_url":"https:\/\/www.inmomaurem.com\/es\/aviso-legal\/","og_site_name":"InmoMaurem","article_modified_time":"2025-05-06T10:10:52+00:00","twitter_card":"summary_large_image","twitter_misc":{"Tiempo de lectura":"8 minutos"},"schema":{"@context":"https:\/\/schema.org","@graph":[{"@type":"WebPage","@id":"https:\/\/www.inmomaurem.com\/aviso-legal\/","url":"https:\/\/www.inmomaurem.com\/aviso-legal\/","name":"Aviso legal - InmoMaurem","isPartOf":{"@id":"https:\/\/www.inmomaurem.com\/#website"},"datePublished":"2025-05-06T08:26:12+00:00","dateModified":"2025-05-06T10:10:52+00:00","breadcrumb":{"@id":"https:\/\/www.inmomaurem.com\/aviso-legal\/#breadcrumb"},"inLanguage":"es","potentialAction":[{"@type":"ReadAction","target":["https:\/\/www.inmomaurem.com\/aviso-legal\/"]}]},{"@type":"BreadcrumbList","@id":"https:\/\/www.inmomaurem.com\/aviso-legal\/#breadcrumb","itemListElement":[{"@type":"ListItem","position":1,"name":"Portada","item":"https:\/\/www.inmomaurem.com\/"},{"@type":"ListItem","position":2,"name":"Aviso legal"}]},{"@type":"WebSite","@id":"https:\/\/www.inmomaurem.com\/#website","url":"https:\/\/www.inmomaurem.com\/","name":"InmoMaurem","description":"Servicios  esenciales de hogar y negocio","potentialAction":[{"@type":"SearchAction","target":{"@type":"EntryPoint","urlTemplate":"https:\/\/www.inmomaurem.com\/?s={search_term_string}"},"query-input":{"@type":"PropertyValueSpecification","valueRequired":true,"valueName":"search_term_string"}}],"inLanguage":"es"}]}},"_links":{"self":[{"href":"https:\/\/www.inmomaurem.com\/es\/wp-json\/wp\/v2\/pages\/17499","targetHints":{"allow":["GET"]}}],"collection":[{"href":"https:\/\/www.inmomaurem.com\/es\/wp-json\/wp\/v2\/pages"}],"about":[{"href":"https:\/\/www.inmomaurem.com\/es\/wp-json\/wp\/v2\/types\/page"}],"author":[{"embeddable":true,"href":"https:\/\/www.inmomaurem.com\/es\/wp-json\/wp\/v2\/users\/1"}],"replies":[{"embeddable":true,"href":"https:\/\/www.inmomaurem.com\/es\/wp-json\/wp\/v2\/comments?post=17499"}],"version-history":[{"count":11,"href":"https:\/\/www.inmomaurem.com\/es\/wp-json\/wp\/v2\/pages\/17499\/revisions"}],"predecessor-version":[{"id":19963,"href":"https:\/\/www.inmomaurem.com\/es\/wp-json\/wp\/v2\/pages\/17499\/revisions\/19963"}],"wp:attachment":[{"href":"https:\/\/www.inmomaurem.com\/es\/wp-json\/wp\/v2\/media?parent=17499"}],"curies":[{"name":"wp","href":"https:\/\/api.w.org\/{rel}","templated":true}]}}