{"id":16650,"date":"2020-02-24T22:15:15","date_gmt":"2020-02-24T22:15:15","guid":{"rendered":"https:\/\/demo01.houzez.co\/?page_id=16650"},"modified":"2025-09-26T16:51:10","modified_gmt":"2025-09-26T14:51:10","slug":"inmomaurem","status":"publish","type":"page","link":"https:\/\/www.inmomaurem.com\/fr\/inmomaurem\/","title":{"rendered":"Qui sommes-nous ?"},"content":{"rendered":"<div data-elementor-type=\"wp-page\" data-elementor-id=\"16650\" class=\"elementor elementor-16650\">\n\t\t\t\t\t\t<section class=\"elementor-section elementor-top-section elementor-element elementor-element-5b81e21 elementor-section-height-min-height animated-slow elementor-section-boxed elementor-section-height-default elementor-section-items-middle elementor-invisible\" data-id=\"5b81e21\" data-element_type=\"section\" data-e-type=\"section\" data-settings=\"{&quot;background_background&quot;:&quot;classic&quot;,&quot;animation&quot;:&quot;fadeIn&quot;}\">\n\t\t\t\t\t\t\t<div class=\"elementor-background-overlay\"><\/div>\n\t\t\t\t\t\t\t<div class=\"elementor-container elementor-column-gap-default\">\n\t\t\t\t\t<div class=\"elementor-column elementor-col-100 elementor-top-column elementor-element elementor-element-ad367f8\" data-id=\"ad367f8\" data-element_type=\"column\" data-e-type=\"column\">\n\t\t\t<div class=\"elementor-widget-wrap elementor-element-populated\">\n\t\t\t\t\t\t<div class=\"elementor-element elementor-element-0e7939f elementor-widget elementor-widget-heading\" data-id=\"0e7939f\" data-element_type=\"widget\" data-e-type=\"widget\" data-widget_type=\"heading.default\">\n\t\t\t\t<div class=\"elementor-widget-container\">\n\t\t\t\t\t<h1 class=\"elementor-heading-title elementor-size-default\">Qui sommes-nous ?<\/h1>\t\t\t\t<\/div>\n\t\t\t\t<\/div>\n\t\t\t\t\t<\/div>\n\t\t<\/div>\n\t\t\t\t\t<\/div>\n\t\t<\/section>\n\t\t\t\t<section class=\"elementor-section elementor-top-section elementor-element elementor-element-09038dc elementor-section-boxed elementor-section-height-default elementor-section-height-default\" data-id=\"09038dc\" data-element_type=\"section\" data-e-type=\"section\" data-settings=\"{&quot;background_background&quot;:&quot;classic&quot;}\">\n\t\t\t\t\t\t<div class=\"elementor-container elementor-column-gap-default\">\n\t\t\t\t\t<div class=\"elementor-column elementor-col-100 elementor-top-column elementor-element elementor-element-c8278ac\" data-id=\"c8278ac\" data-element_type=\"column\" data-e-type=\"column\">\n\t\t\t<div class=\"elementor-widget-wrap elementor-element-populated\">\n\t\t\t\t\t\t<div class=\"elementor-element elementor-element-3271868 elementor-widget elementor-widget-spacer\" data-id=\"3271868\" data-element_type=\"widget\" data-e-type=\"widget\" data-widget_type=\"spacer.default\">\n\t\t\t\t<div class=\"elementor-widget-container\">\n\t\t\t\t\t\t\t<div class=\"elementor-spacer\">\n\t\t\t<div class=\"elementor-spacer-inner\"><\/div>\n\t\t<\/div>\n\t\t\t\t\t\t<\/div>\n\t\t\t\t<\/div>\n\t\t\t\t<div class=\"elementor-element elementor-element-e7372b6 animated-slow elementor-invisible elementor-widget elementor-widget-houzez_elementor_section_title\" data-id=\"e7372b6\" data-element_type=\"widget\" data-e-type=\"widget\" data-settings=\"{&quot;_animation&quot;:&quot;fadeIn&quot;}\" data-widget_type=\"houzez_elementor_section_title.default\">\n\t\t\t\t<div class=\"elementor-widget-container\">\n\t\t\t\t\t            <div class=\"houzez_section_title_wrap section-title-module\">\n                                    <h2 class=\"houzez_section_title\">A propos de nous<\/h2>\n                \n                            <\/div>\n            \t\t\t\t<\/div>\n\t\t\t\t<\/div>\n\t\t\t\t<div class=\"elementor-element elementor-element-69fe9b8 elementor-widget elementor-widget-text-editor\" data-id=\"69fe9b8\" data-element_type=\"widget\" data-e-type=\"widget\" data-widget_type=\"text-editor.default\">\n\t\t\t\t<div class=\"elementor-widget-container\">\n\t\t\t\t\t\t\t\t\t<p><span style=\"font-family: 'Tahoma',sans-serif;\">Avec plus d'une d\u00e9cennie d'exp\u00e9rience dans la vente, nous avons franchi le pas vers le monde passionnant de l'immobilier avec un objectif clair : offrir \u00e0 nos clients un conseil expert, proche et totalement personnalis\u00e9. Nous savons que trouver la maison id\u00e9ale est plus qu'une simple transaction, c'est le d\u00e9but d'une nouvelle \u00e9tape, et nous voulons vous accompagner \u00e0 chaque pas.<\/span><\/p><p><span style=\"font-family: 'Tahoma',sans-serif;\">Notre sp\u00e9cialit\u00e9 est de comprendre vos besoins et de les concr\u00e9tiser, en vous guidant avec professionnalisme et transparence afin que vous puissiez prendre des d\u00e9cisions s\u00fbres et satisfaisantes. Non seulement nous nous concentrons sur l'achat et la vente de propri\u00e9t\u00e9s, mais nous nous occupons \u00e9galement de vous apr\u00e8s l'achat, en vous aidant \u00e0 contracter les services essentiels pour votre nouvelle maison et en veillant \u00e0 ce que tout soit en parfait \u00e9tat.<\/span><\/p><p><span style=\"font-family: 'Tahoma',sans-serif;\">Nous pensons que la v\u00e9ritable valeur de notre travail r\u00e9side dans la confiance que nous \u00e9tablissons avec chaque client. C'est pourquoi nous traitons chaque propri\u00e9t\u00e9 comme si c'\u00e9tait la n\u00f4tre, en offrant un service proche et exclusif con\u00e7u pour rendre votre exp\u00e9rience immobili\u00e8re aussi gratifiante que la maison que vous \u00eates en train de cr\u00e9er.<\/span><\/p><p><strong><span style=\"font-family: 'Tahoma',sans-serif;\">Votre maison commence ici, et nous sommes l\u00e0 pour la r\u00e9aliser.<\/span><\/strong><\/p>\t\t\t\t\t\t\t\t<\/div>\n\t\t\t\t<\/div>\n\t\t\t\t<div class=\"elementor-element elementor-element-89a95a6 elementor-widget elementor-widget-spacer\" data-id=\"89a95a6\" data-element_type=\"widget\" data-e-type=\"widget\" data-widget_type=\"spacer.default\">\n\t\t\t\t<div class=\"elementor-widget-container\">\n\t\t\t\t\t\t\t<div class=\"elementor-spacer\">\n\t\t\t<div class=\"elementor-spacer-inner\"><\/div>\n\t\t<\/div>\n\t\t\t\t\t\t<\/div>\n\t\t\t\t<\/div>\n\t\t\t\t\t<\/div>\n\t\t<\/div>\n\t\t\t\t\t<\/div>\n\t\t<\/section>\n\t\t\t\t<section class=\"elementor-section elementor-top-section elementor-element elementor-element-fc78338 elementor-section-boxed elementor-section-height-default elementor-section-height-default\" data-id=\"fc78338\" data-element_type=\"section\" data-e-type=\"section\" data-settings=\"{&quot;background_background&quot;:&quot;classic&quot;}\">\n\t\t\t\t\t\t<div class=\"elementor-container elementor-column-gap-default\">\n\t\t\t\t\t<div class=\"elementor-column elementor-col-100 elementor-top-column elementor-element elementor-element-50dc01c\" data-id=\"50dc01c\" data-element_type=\"column\" data-e-type=\"column\">\n\t\t\t<div class=\"elementor-widget-wrap elementor-element-populated\">\n\t\t\t\t\t\t<div class=\"elementor-element elementor-element-1f9f780 elementor-widget elementor-widget-spacer\" data-id=\"1f9f780\" data-element_type=\"widget\" data-e-type=\"widget\" data-widget_type=\"spacer.default\">\n\t\t\t\t<div class=\"elementor-widget-container\">\n\t\t\t\t\t\t\t<div class=\"elementor-spacer\">\n\t\t\t<div class=\"elementor-spacer-inner\"><\/div>\n\t\t<\/div>\n\t\t\t\t\t\t<\/div>\n\t\t\t\t<\/div>\n\t\t\t\t<div class=\"elementor-element elementor-element-65f1be3 animated-slow elementor-invisible elementor-widget elementor-widget-houzez_elementor_section_title\" data-id=\"65f1be3\" data-element_type=\"widget\" data-e-type=\"widget\" data-settings=\"{&quot;_animation&quot;:&quot;fadeIn&quot;}\" data-widget_type=\"houzez_elementor_section_title.default\">\n\t\t\t\t<div class=\"elementor-widget-container\">\n\t\t\t\t\t            <div class=\"houzez_section_title_wrap section-title-module\">\n                                    <h2 class=\"houzez_section_title\">Que pouvons-nous vous offrir ?<\/h2>\n                \n                                    <p class=\"houzez_section_subtitle\">Nous disposons d'une large gamme de services essentiels pour votre maison ou votre entreprise. Contactez-nous sans engagement<\/p>\n                            <\/div>\n            \t\t\t\t<\/div>\n\t\t\t\t<\/div>\n\t\t\t\t<section class=\"elementor-section elementor-inner-section elementor-element elementor-element-f5dcf34 elementor-section-boxed elementor-section-height-default elementor-section-height-default\" data-id=\"f5dcf34\" data-element_type=\"section\" data-e-type=\"section\">\n\t\t\t\t\t\t<div class=\"elementor-container elementor-column-gap-default\">\n\t\t\t\t\t<div class=\"elementor-column elementor-col-33 elementor-inner-column elementor-element elementor-element-021831b\" data-id=\"021831b\" data-element_type=\"column\" data-e-type=\"column\">\n\t\t\t<div class=\"elementor-widget-wrap elementor-element-populated\">\n\t\t\t\t\t\t<div class=\"elementor-element elementor-element-c109fa0 elementor-widget elementor-widget-Houzez_elementor_grid_builder\" data-id=\"c109fa0\" data-element_type=\"widget\" data-e-type=\"widget\" data-widget_type=\"Houzez_elementor_grid_builder.default\">\n\t\t\t\t<div class=\"elementor-widget-container\">\n\t\t\t\t\t\n        <div class=\"grid-item  grid-item-v2\" style=\"background-image: url(https:\/\/www.inmomaurem.com\/wp-content\/uploads\/2025\/05\/inmobiliaria.png)\">\n            <a class=\"grid-item-link hover-effect-flat\"  target=\"_blank\" href=\"\/fr\/contacto\/\">\n                <div class=\"grid-item-text-wrap\">\n\n                    \n                                        <div class=\"grid-item-title\">Services immobiliers<\/div>\n                                        \n                                            <div class=\"grid-item-text-link\">Achetez, vendez ou louez votre logement en toute confiance gr\u00e2ce \u00e0 notre assurance caution.<\/div>\n                        <div class=\"grid-item-icon\">\n                            <i class=\"houzez-icon icon-arrow-button-right-2\"><\/i>\n                        <\/div>\n                                    <\/div><!-- taxonomy-text-wrap -->\n            <\/a>\n        <\/div>\n        \n        \t\t\t\t<\/div>\n\t\t\t\t<\/div>\n\t\t\t\t<div class=\"elementor-element elementor-element-d13a6f2 elementor-widget elementor-widget-Houzez_elementor_grid_builder\" data-id=\"d13a6f2\" data-element_type=\"widget\" data-e-type=\"widget\" data-widget_type=\"Houzez_elementor_grid_builder.default\">\n\t\t\t\t<div class=\"elementor-widget-container\">\n\t\t\t\t\t\n        <div class=\"grid-item  grid-item-v2\" style=\"background-image: url(https:\/\/www.inmomaurem.com\/wp-content\/uploads\/2025\/05\/internet.jpg)\">\n            <a class=\"grid-item-link hover-effect-flat\"  target=\"_blank\" href=\"\/fr\/contacto\/\">\n                <div class=\"grid-item-text-wrap\">\n\n                    \n                                        <div class=\"grid-item-title\">T\u00e9l\u00e9phonie mobile et Internet<\/div>\n                                        \n                                            <div class=\"grid-item-text-link\">Nous s\u00e9lectionnons la meilleure offre Internet et\/ou de t\u00e9l\u00e9phonie mobile pour votre domicile ou votre entreprise et g\u00e9rons l'ensemble du processus contractuel pour vous.<\/div>\n                        <div class=\"grid-item-icon\">\n                            <i class=\"houzez-icon icon-arrow-button-right-2\"><\/i>\n                        <\/div>\n                                    <\/div><!-- taxonomy-text-wrap -->\n            <\/a>\n        <\/div>\n        \n        \t\t\t\t<\/div>\n\t\t\t\t<\/div>\n\t\t\t\t\t<\/div>\n\t\t<\/div>\n\t\t\t\t<div class=\"elementor-column elementor-col-33 elementor-inner-column elementor-element elementor-element-2c65433\" data-id=\"2c65433\" data-element_type=\"column\" data-e-type=\"column\">\n\t\t\t<div class=\"elementor-widget-wrap elementor-element-populated\">\n\t\t\t\t\t\t<div class=\"elementor-element elementor-element-340ea04 elementor-widget elementor-widget-Houzez_elementor_grid_builder\" data-id=\"340ea04\" data-element_type=\"widget\" data-e-type=\"widget\" data-widget_type=\"Houzez_elementor_grid_builder.default\">\n\t\t\t\t<div class=\"elementor-widget-container\">\n\t\t\t\t\t\n        <div class=\"grid-item  grid-item-v2\" style=\"background-image: url(https:\/\/www.inmomaurem.com\/wp-content\/uploads\/2025\/05\/seguros.jpg)\">\n            <a class=\"grid-item-link hover-effect-flat\"  target=\"_blank\" href=\"\/fr\/contacto\/\">\n                <div class=\"grid-item-text-wrap\">\n\n                    \n                                        <div class=\"grid-item-title\">Assurance<\/div>\n                                        \n                                            <div class=\"grid-item-text-link\">Assurance de toutes sortes. Pour que vous ne vous pr\u00e9occupiez que de ce qui compte vraiment.<\/div>\n                        <div class=\"grid-item-icon\">\n                            <i class=\"houzez-icon icon-arrow-button-right-2\"><\/i>\n                        <\/div>\n                                    <\/div><!-- taxonomy-text-wrap -->\n            <\/a>\n        <\/div>\n        \n        \t\t\t\t<\/div>\n\t\t\t\t<\/div>\n\t\t\t\t<div class=\"elementor-element elementor-element-cc1b338 elementor-widget elementor-widget-Houzez_elementor_grid_builder\" data-id=\"cc1b338\" data-element_type=\"widget\" data-e-type=\"widget\" data-widget_type=\"Houzez_elementor_grid_builder.default\">\n\t\t\t\t<div class=\"elementor-widget-container\">\n\t\t\t\t\t\n        <div class=\"grid-item  grid-item-v2\" style=\"background-image: url(https:\/\/www.inmomaurem.com\/wp-content\/uploads\/2025\/05\/eficiencia-energetica.jpg)\">\n            <a class=\"grid-item-link hover-effect-flat\"  target=\"_blank\" href=\"\/fr\/contacto\/\">\n                <div class=\"grid-item-text-wrap\">\n\n                    \n                                        <div class=\"grid-item-title\">Efficacit\u00e9 \u00e9nerg\u00e9tique<\/div>\n                                        \n                                            <div class=\"grid-item-text-link\">Am\u00e9liorez votre facture d'\u00e9lectricit\u00e9 gr\u00e2ce \u00e0 notre comparateur, obtenez votre certificat \u00e9nerg\u00e9tique \u00e0 vendre ou \u00e0 louer. Nous \u00e9tudions \u00e9galement la faisabilit\u00e9 d'installer des panneaux solaires et d'\u00e9conomiser sur votre facture d'\u00e9lectricit\u00e9.<\/div>\n                        <div class=\"grid-item-icon\">\n                            <i class=\"houzez-icon icon-arrow-button-right-2\"><\/i>\n                        <\/div>\n                                    <\/div><!-- taxonomy-text-wrap -->\n            <\/a>\n        <\/div>\n        \n        \t\t\t\t<\/div>\n\t\t\t\t<\/div>\n\t\t\t\t\t<\/div>\n\t\t<\/div>\n\t\t\t\t<div class=\"elementor-column elementor-col-33 elementor-inner-column elementor-element elementor-element-b799d53\" data-id=\"b799d53\" data-element_type=\"column\" data-e-type=\"column\">\n\t\t\t<div class=\"elementor-widget-wrap elementor-element-populated\">\n\t\t\t\t\t\t<div class=\"elementor-element elementor-element-ad1d0a7 elementor-widget elementor-widget-Houzez_elementor_grid_builder\" data-id=\"ad1d0a7\" data-element_type=\"widget\" data-e-type=\"widget\" data-widget_type=\"Houzez_elementor_grid_builder.default\">\n\t\t\t\t<div class=\"elementor-widget-container\">\n\t\t\t\t\t\n        <div class=\"grid-item  grid-item-v3\" style=\"background-image: url(https:\/\/www.inmomaurem.com\/wp-content\/uploads\/2025\/05\/alarma.png)\">\n            <a class=\"grid-item-link hover-effect-flat\"  target=\"_blank\" href=\"\/fr\/alarmas\/\">\n                <div class=\"grid-item-text-wrap\">\n\n                    \n                                        <div class=\"grid-item-title\">Alarmes<\/div>\n                                        \n                                            <div class=\"grid-item-text-link\">Des services de s\u00e9curit\u00e9 complets pour prot\u00e9ger votre maison ou votre entreprise contre les intrus.<\/div>\n                        <div class=\"grid-item-icon\">\n                            <i class=\"houzez-icon icon-arrow-button-right-2\"><\/i>\n                        <\/div>\n                                    <\/div><!-- taxonomy-text-wrap -->\n            <\/a>\n        <\/div>\n        \n        \t\t\t\t<\/div>\n\t\t\t\t<\/div>\n\t\t\t\t\t<\/div>\n\t\t<\/div>\n\t\t\t\t\t<\/div>\n\t\t<\/section>\n\t\t\t\t<div class=\"elementor-element elementor-element-f2e0774 elementor-widget elementor-widget-spacer\" data-id=\"f2e0774\" data-element_type=\"widget\" data-e-type=\"widget\" data-widget_type=\"spacer.default\">\n\t\t\t\t<div class=\"elementor-widget-container\">\n\t\t\t\t\t\t\t<div class=\"elementor-spacer\">\n\t\t\t<div class=\"elementor-spacer-inner\"><\/div>\n\t\t<\/div>\n\t\t\t\t\t\t<\/div>\n\t\t\t\t<\/div>\n\t\t\t\t\t<\/div>\n\t\t<\/div>\n\t\t\t\t\t<\/div>\n\t\t<\/section>\n\t\t\t\t<\/div>","protected":false},"excerpt":{"rendered":"<p>\u00bfQui\u00e9nes somos? Sobre nosotros Con m\u00e1s de una d\u00e9cada de experiencia en ventas, hemos dado el paso hacia el apasionante mundo de bienes ra\u00edces con un prop\u00f3sito claro: ofrecer a nuestros clientes un asesoramiento experto, cercano y totalmente personalizado. Sabemos que encontrar la vivienda ideal es m\u00e1s que una simple transacci\u00f3n; es el inicio de [&hellip;]<\/p>\n","protected":false},"author":1,"featured_media":0,"parent":0,"menu_order":0,"comment_status":"closed","ping_status":"closed","template":"template\/template-homepage.php","meta":{"footnotes":""},"class_list":["post-16650","page","type-page","status-publish","hentry"],"yoast_head":"<!-- This site is optimized with the Yoast SEO plugin v27.4 - https:\/\/yoast.com\/product\/yoast-seo-wordpress\/ -->\n<title>InmoMaurem - Inmobiliaria y esenciales para hogar y negocio<\/title>\n<meta name=\"description\" content=\"En InmoMaurem te ayudamos a encontrar tu vivienda en propiedad o alquiler. Dotamos, adem\u00e1s, de servicios esenciales para hogares y empresas.\" \/>\n<meta name=\"robots\" content=\"index, follow, max-snippet:-1, max-image-preview:large, max-video-preview:-1\" \/>\n<link rel=\"canonical\" href=\"https:\/\/www.inmomaurem.com\/fr\/inmomaurem\/\" \/>\n<meta property=\"og:locale\" content=\"fr_FR\" \/>\n<meta property=\"og:type\" content=\"article\" \/>\n<meta property=\"og:title\" content=\"InmoMaurem - Inmobiliaria y esenciales para hogar y negocio\" \/>\n<meta property=\"og:description\" content=\"En InmoMaurem te ayudamos a encontrar tu vivienda en propiedad o alquiler. Dotamos, adem\u00e1s, de servicios esenciales para hogares y empresas.\" \/>\n<meta property=\"og:url\" content=\"https:\/\/www.inmomaurem.com\/fr\/inmomaurem\/\" \/>\n<meta property=\"og:site_name\" content=\"InmoMaurem\" \/>\n<meta property=\"article:modified_time\" content=\"2025-09-26T14:51:10+00:00\" \/>\n<meta name=\"twitter:card\" content=\"summary_large_image\" \/>\n<meta name=\"twitter:label1\" content=\"Dur\u00e9e de lecture estim\u00e9e\" \/>\n\t<meta name=\"twitter:data1\" content=\"2 minutes\" \/>\n<script type=\"application\/ld+json\" class=\"yoast-schema-graph\">{\"@context\":\"https:\\\/\\\/schema.org\",\"@graph\":[{\"@type\":\"WebPage\",\"@id\":\"https:\\\/\\\/www.inmomaurem.com\\\/es\\\/inmomaurem\\\/\",\"url\":\"https:\\\/\\\/www.inmomaurem.com\\\/es\\\/inmomaurem\\\/\",\"name\":\"InmoMaurem - Inmobiliaria y esenciales para hogar y negocio\",\"isPartOf\":{\"@id\":\"https:\\\/\\\/www.inmomaurem.com\\\/#website\"},\"datePublished\":\"2020-02-24T22:15:15+00:00\",\"dateModified\":\"2025-09-26T14:51:10+00:00\",\"description\":\"En InmoMaurem te ayudamos a encontrar tu vivienda en propiedad o alquiler. Dotamos, adem\u00e1s, de servicios esenciales para hogares y empresas.\",\"breadcrumb\":{\"@id\":\"https:\\\/\\\/www.inmomaurem.com\\\/es\\\/inmomaurem\\\/#breadcrumb\"},\"inLanguage\":\"fr-FR\",\"potentialAction\":[{\"@type\":\"ReadAction\",\"target\":[\"https:\\\/\\\/www.inmomaurem.com\\\/es\\\/inmomaurem\\\/\"]}]},{\"@type\":\"BreadcrumbList\",\"@id\":\"https:\\\/\\\/www.inmomaurem.com\\\/es\\\/inmomaurem\\\/#breadcrumb\",\"itemListElement\":[{\"@type\":\"ListItem\",\"position\":1,\"name\":\"Portada\",\"item\":\"https:\\\/\\\/www.inmomaurem.com\\\/\"},{\"@type\":\"ListItem\",\"position\":2,\"name\":\"Qui\u00e9nes somos\"}]},{\"@type\":\"WebSite\",\"@id\":\"https:\\\/\\\/www.inmomaurem.com\\\/#website\",\"url\":\"https:\\\/\\\/www.inmomaurem.com\\\/\",\"name\":\"InmoMaurem\",\"description\":\"Servicios  esenciales de hogar y negocio\",\"potentialAction\":[{\"@type\":\"SearchAction\",\"target\":{\"@type\":\"EntryPoint\",\"urlTemplate\":\"https:\\\/\\\/www.inmomaurem.com\\\/?s={search_term_string}\"},\"query-input\":{\"@type\":\"PropertyValueSpecification\",\"valueRequired\":true,\"valueName\":\"search_term_string\"}}],\"inLanguage\":\"fr-FR\"}]}<\/script>\n<!-- \/ Yoast SEO plugin. -->","yoast_head_json":{"title":"InmoMaurem - L'immobilier et l'essentiel pour la maison et l'entreprise","description":"Chez InmoMaurem, nous vous aidons \u00e0 trouver votre bien immobilier ou locatif. Nous fournissons \u00e9galement des services essentiels pour les foyers et les entreprises.","robots":{"index":"index","follow":"follow","max-snippet":"max-snippet:-1","max-image-preview":"max-image-preview:large","max-video-preview":"max-video-preview:-1"},"canonical":"https:\/\/www.inmomaurem.com\/fr\/inmomaurem\/","og_locale":"fr_FR","og_type":"article","og_title":"InmoMaurem - Inmobiliaria y esenciales para hogar y negocio","og_description":"En InmoMaurem te ayudamos a encontrar tu vivienda en propiedad o alquiler. Dotamos, adem\u00e1s, de servicios esenciales para hogares y empresas.","og_url":"https:\/\/www.inmomaurem.com\/fr\/inmomaurem\/","og_site_name":"InmoMaurem","article_modified_time":"2025-09-26T14:51:10+00:00","twitter_card":"summary_large_image","twitter_misc":{"Dur\u00e9e de lecture estim\u00e9e":"2 minutes"},"schema":{"@context":"https:\/\/schema.org","@graph":[{"@type":"WebPage","@id":"https:\/\/www.inmomaurem.com\/es\/inmomaurem\/","url":"https:\/\/www.inmomaurem.com\/es\/inmomaurem\/","name":"InmoMaurem - L'immobilier et l'essentiel pour la maison et l'entreprise","isPartOf":{"@id":"https:\/\/www.inmomaurem.com\/#website"},"datePublished":"2020-02-24T22:15:15+00:00","dateModified":"2025-09-26T14:51:10+00:00","description":"Chez InmoMaurem, nous vous aidons \u00e0 trouver votre bien immobilier ou locatif. Nous fournissons \u00e9galement des services essentiels pour les foyers et les entreprises.","breadcrumb":{"@id":"https:\/\/www.inmomaurem.com\/es\/inmomaurem\/#breadcrumb"},"inLanguage":"fr-FR","potentialAction":[{"@type":"ReadAction","target":["https:\/\/www.inmomaurem.com\/es\/inmomaurem\/"]}]},{"@type":"BreadcrumbList","@id":"https:\/\/www.inmomaurem.com\/es\/inmomaurem\/#breadcrumb","itemListElement":[{"@type":"ListItem","position":1,"name":"Portada","item":"https:\/\/www.inmomaurem.com\/"},{"@type":"ListItem","position":2,"name":"Qui\u00e9nes somos"}]},{"@type":"WebSite","@id":"https:\/\/www.inmomaurem.com\/#website","url":"https:\/\/www.inmomaurem.com\/","name":"InmoMaurem","description":"Services essentiels aux particuliers et aux entreprises","potentialAction":[{"@type":"SearchAction","target":{"@type":"EntryPoint","urlTemplate":"https:\/\/www.inmomaurem.com\/?s={search_term_string}"},"query-input":{"@type":"PropertyValueSpecification","valueRequired":true,"valueName":"search_term_string"}}],"inLanguage":"fr-FR"}]}},"_links":{"self":[{"href":"https:\/\/www.inmomaurem.com\/fr\/wp-json\/wp\/v2\/pages\/16650","targetHints":{"allow":["GET"]}}],"collection":[{"href":"https:\/\/www.inmomaurem.com\/fr\/wp-json\/wp\/v2\/pages"}],"about":[{"href":"https:\/\/www.inmomaurem.com\/fr\/wp-json\/wp\/v2\/types\/page"}],"author":[{"embeddable":true,"href":"https:\/\/www.inmomaurem.com\/fr\/wp-json\/wp\/v2\/users\/1"}],"replies":[{"embeddable":true,"href":"https:\/\/www.inmomaurem.com\/fr\/wp-json\/wp\/v2\/comments?post=16650"}],"version-history":[{"count":26,"href":"https:\/\/www.inmomaurem.com\/fr\/wp-json\/wp\/v2\/pages\/16650\/revisions"}],"predecessor-version":[{"id":19257,"href":"https:\/\/www.inmomaurem.com\/fr\/wp-json\/wp\/v2\/pages\/16650\/revisions\/19257"}],"wp:attachment":[{"href":"https:\/\/www.inmomaurem.com\/fr\/wp-json\/wp\/v2\/media?parent=16650"}],"curies":[{"name":"wp","href":"https:\/\/api.w.org\/{rel}","templated":true}]}}