{"id":17497,"date":"2025-05-06T10:26:09","date_gmt":"2025-05-06T08:26:09","guid":{"rendered":"https:\/\/www.inmomaurem.com\/?page_id=17497"},"modified":"2025-05-06T12:11:07","modified_gmt":"2025-05-06T10:11:07","slug":"politica-cookies","status":"publish","type":"page","link":"https:\/\/www.inmomaurem.com\/fr\/politica-cookies\/","title":{"rendered":"Politique en mati\u00e8re de cookies"},"content":{"rendered":"<div data-elementor-type=\"wp-page\" data-elementor-id=\"17497\" class=\"elementor elementor-17497\">\n\t\t\t\t<div class=\"elementor-element elementor-element-7ef570c3 e-flex e-con-boxed e-con e-parent\" data-id=\"7ef570c3\" data-element_type=\"container\" data-e-type=\"container\">\n\t\t\t\t\t<div class=\"e-con-inner\">\n\t\t\t\t<div class=\"elementor-element elementor-element-32f45b6b elementor-widget elementor-widget-text-editor\" data-id=\"32f45b6b\" data-element_type=\"widget\" data-e-type=\"widget\" data-widget_type=\"text-editor.default\">\n\t\t\t\t<div class=\"elementor-widget-container\">\n\t\t\t\t\t\t\t\t\t<p>Bienvenue sur le site de la <strong>POLITIQUE EN MATI\u00c8RE DE COOKIES<\/strong><\/p>\n<p>du site web de l'entit\u00e9 <b>INMOMAUREM<\/b>avec num\u00e9ro d'identification fiscale <b>55392228V<\/b>o\u00f9 nous vous expliquerons, dans un langage clair et simple, toutes les questions n\u00e9cessaires pour que vous puissiez les contr\u00f4ler en fonction de vos d\u00e9cisions personnelles.<\/p>\n<h3><strong>QUE SONT LES COOKIES ET \u00c0 QUOI SERVENT-ILS ?<\/strong><\/h3>\n<p>Un cookie est un petit fichier d'information qui est stock\u00e9 sur votre ordinateur, smartphone ou tablette \u00e0 chaque fois que vous visitez notre site web. En principe, un cookie est inoffensif : il ne contient pas de virus, chevaux de Troie, vers, etc. susceptibles d'endommager votre terminal, mais il a un certain impact sur votre droit \u00e0 la protection de vos donn\u00e9es personnelles, puisqu'il collecte certaines informations vous concernant (habitudes de navigation, identit\u00e9, pr\u00e9f\u00e9rences, etc.). C'est pourquoi, sur la base des dispositions de la r\u00e9glementation applicable (LSSI et r\u00e9glementation en vigueur en mati\u00e8re de protection des donn\u00e9es \u00e0 caract\u00e8re personnel), l'activation de certains types de cookies n\u00e9cessitera votre autorisation pr\u00e9alable. Au pr\u00e9alable, nous vous fournirons quelques informations compl\u00e9mentaires qui vous aideront \u00e0 prendre de meilleures d\u00e9cisions \u00e0 cet \u00e9gard :<\/p>\n<ol>\n<li>Les cookies peuvent \u00eatre de diff\u00e9rents types en fonction de leur finalit\u00e9 :<\/li>\n<\/ol>\n<ul>\n<li>Les cookies techniques sont n\u00e9cessaires au fonctionnement de notre site web, ils ne requi\u00e8rent pas votre permission et sont les seuls que nous avons activ\u00e9s par d\u00e9faut.<\/li>\n<li>Les autres cookies sont utilis\u00e9s pour am\u00e9liorer notre site web, le personnaliser en fonction de vos pr\u00e9f\u00e9rences, ou pour pouvoir vous montrer des publicit\u00e9s adapt\u00e9es \u00e0 vos recherches, vos go\u00fbts et vos int\u00e9r\u00eats personnels. Vous pouvez accepter tous ces cookies en cliquant sur le bouton <strong>ACCEPTER<\/strong> ou les configurer ou refuser de les utiliser en cliquant sur la section <strong>PARAM\u00c8TRES DES COOKIES<\/strong>.<\/li>\n<\/ul>\n<ol start=\"2\">\n<li>Certains cookies nous sont propres (nous les appellerons <strong>propres biscuits<\/strong>) et d'autres appartiennent \u00e0 des soci\u00e9t\u00e9s externes qui fournissent des services pour notre site web (nous les appellerons <strong>les cookies de tiers<\/strong>(par exemple, des cookies provenant de fournisseurs externes tels que Google). \u00c0 cet \u00e9gard, il est important que vous sachiez que certains de ces fournisseurs externes peuvent \u00eatre situ\u00e9s en dehors de l'Espagne.<\/li>\n<\/ol>\n<p>Globalement, tous les pays n'ont pas le m\u00eame niveau de protection des donn\u00e9es, certains \u00e9tant plus s\u00fbrs que d'autres (par exemple, l'Union europ\u00e9enne est un environnement s\u00fbr pour vos donn\u00e9es). Notre politique consiste \u00e0 utiliser des fournisseurs de confiance qui, qu'ils soient ou non situ\u00e9s dans l'Union europ\u00e9enne, ont adopt\u00e9 des mesures de sauvegarde appropri\u00e9es pour la protection de vos informations personnelles. Toutefois, dans la section intitul\u00e9e <strong>QUELS SONT LES TYPES DE COOKIES ACTUELLEMENT UTILIS\u00c9S SUR NOTRE SITE WEB ?<\/strong>Si vous souhaitez d\u00e9cider en connaissance de cause d'activer ou non les politiques de protection des donn\u00e9es et de la vie priv\u00e9e de chacun de ces fournisseurs externes, vous pouvez consulter les diff\u00e9rentes politiques de protection des donn\u00e9es et de la vie priv\u00e9e de chacun de ces fournisseurs externes afin de d\u00e9cider en connaissance de cause d'activer ou non les politiques de protection des donn\u00e9es et de la vie priv\u00e9e. <strong>les cookies de tiers<\/strong> en utilisant notre site web.<\/p>\n<ol start=\"3\">\n<li>Enfin, nous tenons \u00e0 souligner que, selon la dur\u00e9e pendant laquelle ils restent actifs, les cookies peuvent \u00eatre de deux types :<\/li>\n<\/ol>\n<ul>\n<li><strong>Cookies de session :<\/strong> expirent automatiquement lorsque vous vous d\u00e9connectez de votre ordinateur, smartphone ou tablette. Ils sont souvent utilis\u00e9s pour conserver les informations n\u00e9cessaires pendant qu'un service vous est fourni de mani\u00e8re ponctuelle.<\/li>\n<li><strong>Cookies persistants : <\/strong>restent stock\u00e9s sur votre ordinateur, votre smartphone ou votre tablette pendant une certaine p\u00e9riode, qui peut varier de quelques minutes \u00e0 plusieurs ann\u00e9es.<\/li>\n<\/ul>\n<h3><strong>QUELS TYPES DE COOKIES POUVONS-NOUS UTILISER SUR NOTRE SITE WEB ?<\/strong><\/h3>\n<h5>Cookies techniques :<\/h5>\n<p>Les cookies techniques sont strictement n\u00e9cessaires au fonctionnement de notre site web et \u00e0 votre navigation. Ce type de cookies est celui qui, par exemple, nous permet de vous identifier, de vous donner acc\u00e8s \u00e0 certaines parties restreintes de la page si n\u00e9cessaire, ou de m\u00e9moriser diff\u00e9rentes options ou services que vous avez d\u00e9j\u00e0 s\u00e9lectionn\u00e9s, comme vos pr\u00e9f\u00e9rences en mati\u00e8re de confidentialit\u00e9. C'est la raison pour laquelle, <strong>sont activ\u00e9s par d\u00e9faut et votre autorisation n'est pas requise.<\/strong>. Gr\u00e2ce aux param\u00e8tres de votre navigateur, vous pouvez bloquer ou vous alerter de la pr\u00e9sence de ce type de cookies, bien qu'un tel blocage affecte le bon fonctionnement des diff\u00e9rentes fonctionnalit\u00e9s de notre site web.<\/p>\n<h5>Cookies d'analyse :<\/h5>\n<p>Les cookies d'analyse nous permettent d'\u00e9tudier la mani\u00e8re dont les utilisateurs naviguent sur notre site web en g\u00e9n\u00e9ral (par exemple, quelles sont les sections du site web les plus visit\u00e9es, quels sont les services les plus utilis\u00e9s et s'ils fonctionnent correctement, etc.) ). Sur la base des informations statistiques relatives \u00e0 la navigation sur notre site web, nous pouvons am\u00e9liorer \u00e0 la fois le fonctionnement du site lui-m\u00eame et les diff\u00e9rents services qu'il offre. Par cons\u00e9quent, ces cookies <strong>ne sont pas destin\u00e9s \u00e0 des fins publicitaires<\/strong>Ils servent uniquement \u00e0 am\u00e9liorer le fonctionnement de notre site web, en l'adaptant \u00e0 nos utilisateurs en g\u00e9n\u00e9ral. En les activant, vous contribuerez \u00e0 cette am\u00e9lioration continue. <strong>Vous pouvez activer ou d\u00e9sactiver ces cookies en cochant la case correspondante.<\/strong>Par d\u00e9faut, ils sont d\u00e9sactiv\u00e9s.<\/p>\n<h5>Cookies de fonctionnalit\u00e9 et de personnalisation :<\/h5>\n<p>Les cookies de fonctionnalit\u00e9 nous permettent de m\u00e9moriser vos pr\u00e9f\u00e9rences afin de personnaliser certaines fonctionnalit\u00e9s et options g\u00e9n\u00e9rales de notre site web \u00e0 chaque fois que vous y acc\u00e9dez (par exemple, la langue dans laquelle les informations vous sont pr\u00e9sent\u00e9es, les sections marqu\u00e9es comme favorites, votre type de navigateur, etc.) Par cons\u00e9quent, ce type de cookies <strong>ne sont pas destin\u00e9s \u00e0 des fins publicitaires<\/strong>En les activant, vous am\u00e9liorerez la fonctionnalit\u00e9 du site web (par exemple, en l'adaptant \u00e0 votre type de navigateur) et la personnalisation du site web en fonction de vos pr\u00e9f\u00e9rences (par exemple, en pr\u00e9sentant les informations dans la langue que vous avez choisie par le pass\u00e9), ce qui contribuera \u00e0 la facilit\u00e9, \u00e0 la convivialit\u00e9 et au confort de notre site web lors de votre navigation. <strong>Vous pouvez activer ou d\u00e9sactiver ces cookies en cochant la case correspondante.<\/strong>Par d\u00e9faut, ils sont d\u00e9sactiv\u00e9s.<\/p>\n<h5>Cookies publicitaires :<\/h5>\n<p>Les cookies publicitaires nous permettent de g\u00e9rer les espaces publicitaires pr\u00e9sents sur notre site web en fonction de crit\u00e8res tels que le contenu affich\u00e9 ou la fr\u00e9quence d'affichage des publicit\u00e9s. Par exemple, si la m\u00eame publicit\u00e9 vous a \u00e9t\u00e9 pr\u00e9sent\u00e9e plusieurs fois sur notre site et que vous n'avez pas manifest\u00e9 d'int\u00e9r\u00eat personnel en cliquant dessus, elle n'appara\u00eetra plus. En r\u00e9sum\u00e9, en activant ce type de cookies, la publicit\u00e9 affich\u00e9e sur notre site web sera plus utile et diversifi\u00e9e, et moins r\u00e9p\u00e9titive. <strong>Vous pouvez activer ou d\u00e9sactiver ces cookies en cochant la case correspondante.<\/strong>Par d\u00e9faut, ils sont d\u00e9sactiv\u00e9s.<\/p>\n<h5>Cookies de publicit\u00e9 comportementale :<\/h5>\n<p>Les cookies de publicit\u00e9 comportementale nous permettent d'obtenir des informations bas\u00e9es sur l'observation de vos habitudes de navigation et de votre comportement sur le site web, afin de pouvoir vous montrer un contenu publicitaire mieux adapt\u00e9 \u00e0 vos go\u00fbts et int\u00e9r\u00eats personnels. Pour faciliter votre compr\u00e9hension, nous vous donnons un exemple fictif : si vos derni\u00e8res recherches sur le web \u00e9taient li\u00e9es \u00e0 la litt\u00e9rature \u00e0 suspense, nous vous montrerions de la publicit\u00e9 sur les livres \u00e0 suspense. Par cons\u00e9quent, en activant ce type de cookie, la publicit\u00e9 que nous vous montrerons sur notre site web ne sera pas g\u00e9n\u00e9rique, mais sera cibl\u00e9e en fonction de vos recherches, de vos go\u00fbts et de vos int\u00e9r\u00eats, et sera donc exclusivement adapt\u00e9e \u00e0 vous. <strong>Vous pouvez activer ou d\u00e9sactiver ces cookies en cochant la case correspondante.<\/strong>Par d\u00e9faut, ils sont d\u00e9sactiv\u00e9s.<\/p>\n<h3><strong>QUE PEUT-ON FAIRE AVEC DES BISCUITS ?<\/strong><\/h3>\n<p>Lorsque vous acc\u00e9dez \u00e0 notre site web pour la premi\u00e8re fois, vous voyez appara\u00eetre une fen\u00eatre dans laquelle nous vous informons que les cookies peuvent \u00eatre de diff\u00e9rents types :<\/p>\n<ul>\n<li>Les cookies techniques sont n\u00e9cessaires au fonctionnement de notre site web, ils ne requi\u00e8rent pas votre permission et sont les seuls que nous avons activ\u00e9s par d\u00e9faut.<\/li>\n<li>Les autres cookies sont utilis\u00e9s pour am\u00e9liorer notre site web, le personnaliser en fonction de vos pr\u00e9f\u00e9rences, ou pour pouvoir vous montrer des publicit\u00e9s adapt\u00e9es \u00e0 vos recherches, vos go\u00fbts et vos int\u00e9r\u00eats personnels. Vous pouvez accepter tous ces cookies en cliquant sur le bouton <strong>ACCEPTER<\/strong> ou les configurer ou refuser de les utiliser en cliquant sur la section <strong>PARAM\u00c8TRES DES COOKIES<\/strong>.<\/li>\n<\/ul>\n<p>Veuillez \u00e9galement noter qu'une fois que vous avez activ\u00e9 un type de cookies, vous avez la possibilit\u00e9 de les d\u00e9sactiver quand vous le souhaitez, en d\u00e9cochant simplement la case correspondante dans la section <strong>PARAM\u00c8TRES DES COOKIES <\/strong>sur notre site web. Il vous sera toujours aussi facile d'activer nos propres cookies que de les d\u00e9sactiver. Nous vous rappelons \u00e9galement que, par le biais des param\u00e8tres de votre navigateur, vous pouvez bloquer les cookies ou vous alerter de leur pr\u00e9sence, bien que ce blocage puisse affecter le bon fonctionnement des diff\u00e9rentes fonctionnalit\u00e9s de notre site web dans le cas des cookies techniques n\u00e9cessaires. Enfin, nous vous signalons que, si vous activez la fonction <strong>les cookies de tiers<\/strong> (soci\u00e9t\u00e9s externes qui fournissent des services pour notre site web) et que vous souhaitez ensuite les d\u00e9sactiver, vous pouvez le faire de deux mani\u00e8res : en utilisant les outils de d\u00e9sactivation des cookies de votre navigateur ou par le biais des syst\u00e8mes activ\u00e9s par ces fournisseurs externes. Pour vous faciliter la t\u00e2che, nous vous proposons ci-dessous une s\u00e9rie de liens vers les instructions de d\u00e9sactivation des cookies dans les navigateurs les plus utilis\u00e9s :<\/p>\n<ul>\n<li><a href=\"https:\/\/support.google.com\/accounts\/answer\/61416?co=GENIE.Platform%3DDesktop&amp;hl=es\">Google Chrome<\/a>.<\/li>\n<li><a href=\"https:\/\/support.mozilla.org\/es\/kb\/Borrar%20cookies\">Mozilla Firefox<\/a>.<\/li>\n<li><a href=\"https:\/\/support.microsoft.com\/es-es\/help\/278835\/how-to-delete-cookie-files-in-internet-explorer\">Internet Explorer<\/a>.<\/li>\n<li><a href=\"https:\/\/support.apple.com\/es-es\/guide\/safari\/sfri11471\/mac\">Safari<\/a>.<\/li>\n<li><a href=\"https:\/\/support.apple.com\/es-es\/HT201265\">Safari pour iOS (iPhone et iPad)<\/a>.<\/li>\n<li><a href=\"https:\/\/support.google.com\/accounts\/answer\/61416?co=GENIE.Platform%3DAndroid&amp;hl=es&amp;oco=1\">Google Chrome pour Android<\/a>.<\/li>\n<li><a href=\"https:\/\/support.google.com\/accounts\/answer\/61416?co=GENIE.Platform%3DiOS&amp;hl=es&amp;oco=1\">Google Chrome pour iPhone et iPad<\/a>.<\/li>\n<\/ul>\t\t\t\t\t\t\t\t<\/div>\n\t\t\t\t<\/div>\n\t\t\t\t\t<\/div>\n\t\t\t\t<\/div>\n\t\t\t\t<\/div>","protected":false},"excerpt":{"rendered":"<p>Bienvenida\/o a la POL\u00cdTICA DE COOKIES de la p\u00e1gina web de la entidad INMOMAUREM, provista de NIF 55392228V, donde te explicaremos en un lenguaje claro y sencillo todas las cuestiones necesarias para que puedas tener el control sobre ellas en base a tus decisiones personales. \u00bfQU\u00c9 SON LAS COOKIES Y PARA QU\u00c9 LAS USAMOS? Una\u00a0cookie\u00a0o [&hellip;]<\/p>\n","protected":false},"author":1,"featured_media":0,"parent":0,"menu_order":0,"comment_status":"closed","ping_status":"closed","template":"template\/template-page.php","meta":{"footnotes":""},"class_list":["post-17497","page","type-page","status-publish","hentry"],"yoast_head":"<!-- This site is optimized with the Yoast SEO plugin v27.4 - https:\/\/yoast.com\/product\/yoast-seo-wordpress\/ -->\n<title>Pol\u00edtica de cookies - InmoMaurem<\/title>\n<meta name=\"robots\" content=\"index, follow, max-snippet:-1, max-image-preview:large, max-video-preview:-1\" \/>\n<link rel=\"canonical\" href=\"https:\/\/www.inmomaurem.com\/fr\/politica-cookies\/\" \/>\n<meta property=\"og:locale\" content=\"fr_FR\" \/>\n<meta property=\"og:type\" content=\"article\" \/>\n<meta property=\"og:title\" content=\"Pol\u00edtica de cookies - InmoMaurem\" \/>\n<meta property=\"og:description\" content=\"Bienvenida\/o a la POL\u00cdTICA DE COOKIES de la p\u00e1gina web de la entidad INMOMAUREM, provista de NIF 55392228V, donde te explicaremos en un lenguaje claro y sencillo todas las cuestiones necesarias para que puedas tener el control sobre ellas en base a tus decisiones personales. \u00bfQU\u00c9 SON LAS COOKIES Y PARA QU\u00c9 LAS USAMOS? Una\u00a0cookie\u00a0o [&hellip;]\" \/>\n<meta property=\"og:url\" content=\"https:\/\/www.inmomaurem.com\/fr\/politica-cookies\/\" \/>\n<meta property=\"og:site_name\" content=\"InmoMaurem\" \/>\n<meta property=\"article:modified_time\" content=\"2025-05-06T10:11:07+00:00\" \/>\n<meta name=\"twitter:card\" content=\"summary_large_image\" \/>\n<meta name=\"twitter:label1\" content=\"Dur\u00e9e de lecture estim\u00e9e\" \/>\n\t<meta name=\"twitter:data1\" content=\"7 minutes\" \/>\n<script type=\"application\/ld+json\" class=\"yoast-schema-graph\">{\"@context\":\"https:\\\/\\\/schema.org\",\"@graph\":[{\"@type\":\"WebPage\",\"@id\":\"https:\\\/\\\/www.inmomaurem.com\\\/politica-cookies\\\/\",\"url\":\"https:\\\/\\\/www.inmomaurem.com\\\/politica-cookies\\\/\",\"name\":\"Pol\u00edtica de cookies - InmoMaurem\",\"isPartOf\":{\"@id\":\"https:\\\/\\\/www.inmomaurem.com\\\/#website\"},\"datePublished\":\"2025-05-06T08:26:09+00:00\",\"dateModified\":\"2025-05-06T10:11:07+00:00\",\"breadcrumb\":{\"@id\":\"https:\\\/\\\/www.inmomaurem.com\\\/politica-cookies\\\/#breadcrumb\"},\"inLanguage\":\"fr-FR\",\"potentialAction\":[{\"@type\":\"ReadAction\",\"target\":[\"https:\\\/\\\/www.inmomaurem.com\\\/politica-cookies\\\/\"]}]},{\"@type\":\"BreadcrumbList\",\"@id\":\"https:\\\/\\\/www.inmomaurem.com\\\/politica-cookies\\\/#breadcrumb\",\"itemListElement\":[{\"@type\":\"ListItem\",\"position\":1,\"name\":\"Portada\",\"item\":\"https:\\\/\\\/www.inmomaurem.com\\\/\"},{\"@type\":\"ListItem\",\"position\":2,\"name\":\"Pol\u00edtica de cookies\"}]},{\"@type\":\"WebSite\",\"@id\":\"https:\\\/\\\/www.inmomaurem.com\\\/#website\",\"url\":\"https:\\\/\\\/www.inmomaurem.com\\\/\",\"name\":\"InmoMaurem\",\"description\":\"Servicios  esenciales de hogar y negocio\",\"potentialAction\":[{\"@type\":\"SearchAction\",\"target\":{\"@type\":\"EntryPoint\",\"urlTemplate\":\"https:\\\/\\\/www.inmomaurem.com\\\/?s={search_term_string}\"},\"query-input\":{\"@type\":\"PropertyValueSpecification\",\"valueRequired\":true,\"valueName\":\"search_term_string\"}}],\"inLanguage\":\"fr-FR\"}]}<\/script>\n<!-- \/ Yoast SEO plugin. -->","yoast_head_json":{"title":"Pol\u00edtica de cookies - InmoMaurem","robots":{"index":"index","follow":"follow","max-snippet":"max-snippet:-1","max-image-preview":"max-image-preview:large","max-video-preview":"max-video-preview:-1"},"canonical":"https:\/\/www.inmomaurem.com\/fr\/politica-cookies\/","og_locale":"fr_FR","og_type":"article","og_title":"Pol\u00edtica de cookies - InmoMaurem","og_description":"Bienvenida\/o a la POL\u00cdTICA DE COOKIES de la p\u00e1gina web de la entidad INMOMAUREM, provista de NIF 55392228V, donde te explicaremos en un lenguaje claro y sencillo todas las cuestiones necesarias para que puedas tener el control sobre ellas en base a tus decisiones personales. \u00bfQU\u00c9 SON LAS COOKIES Y PARA QU\u00c9 LAS USAMOS? Una\u00a0cookie\u00a0o [&hellip;]","og_url":"https:\/\/www.inmomaurem.com\/fr\/politica-cookies\/","og_site_name":"InmoMaurem","article_modified_time":"2025-05-06T10:11:07+00:00","twitter_card":"summary_large_image","twitter_misc":{"Dur\u00e9e de lecture estim\u00e9e":"7 minutes"},"schema":{"@context":"https:\/\/schema.org","@graph":[{"@type":"WebPage","@id":"https:\/\/www.inmomaurem.com\/politica-cookies\/","url":"https:\/\/www.inmomaurem.com\/politica-cookies\/","name":"Pol\u00edtica de cookies - InmoMaurem","isPartOf":{"@id":"https:\/\/www.inmomaurem.com\/#website"},"datePublished":"2025-05-06T08:26:09+00:00","dateModified":"2025-05-06T10:11:07+00:00","breadcrumb":{"@id":"https:\/\/www.inmomaurem.com\/politica-cookies\/#breadcrumb"},"inLanguage":"fr-FR","potentialAction":[{"@type":"ReadAction","target":["https:\/\/www.inmomaurem.com\/politica-cookies\/"]}]},{"@type":"BreadcrumbList","@id":"https:\/\/www.inmomaurem.com\/politica-cookies\/#breadcrumb","itemListElement":[{"@type":"ListItem","position":1,"name":"Portada","item":"https:\/\/www.inmomaurem.com\/"},{"@type":"ListItem","position":2,"name":"Pol\u00edtica de cookies"}]},{"@type":"WebSite","@id":"https:\/\/www.inmomaurem.com\/#website","url":"https:\/\/www.inmomaurem.com\/","name":"InmoMaurem","description":"Services essentiels aux particuliers et aux entreprises","potentialAction":[{"@type":"SearchAction","target":{"@type":"EntryPoint","urlTemplate":"https:\/\/www.inmomaurem.com\/?s={search_term_string}"},"query-input":{"@type":"PropertyValueSpecification","valueRequired":true,"valueName":"search_term_string"}}],"inLanguage":"fr-FR"}]}},"_links":{"self":[{"href":"https:\/\/www.inmomaurem.com\/fr\/wp-json\/wp\/v2\/pages\/17497","targetHints":{"allow":["GET"]}}],"collection":[{"href":"https:\/\/www.inmomaurem.com\/fr\/wp-json\/wp\/v2\/pages"}],"about":[{"href":"https:\/\/www.inmomaurem.com\/fr\/wp-json\/wp\/v2\/types\/page"}],"author":[{"embeddable":true,"href":"https:\/\/www.inmomaurem.com\/fr\/wp-json\/wp\/v2\/users\/1"}],"replies":[{"embeddable":true,"href":"https:\/\/www.inmomaurem.com\/fr\/wp-json\/wp\/v2\/comments?post=17497"}],"version-history":[{"count":8,"href":"https:\/\/www.inmomaurem.com\/fr\/wp-json\/wp\/v2\/pages\/17497\/revisions"}],"predecessor-version":[{"id":19964,"href":"https:\/\/www.inmomaurem.com\/fr\/wp-json\/wp\/v2\/pages\/17497\/revisions\/19964"}],"wp:attachment":[{"href":"https:\/\/www.inmomaurem.com\/fr\/wp-json\/wp\/v2\/media?parent=17497"}],"curies":[{"name":"wp","href":"https:\/\/api.w.org\/{rel}","templated":true}]}}