{"id":17499,"date":"2025-05-06T10:26:12","date_gmt":"2025-05-06T08:26:12","guid":{"rendered":"https:\/\/www.inmomaurem.com\/?page_id=17499"},"modified":"2025-05-06T12:10:52","modified_gmt":"2025-05-06T10:10:52","slug":"aviso-legal","status":"publish","type":"page","link":"https:\/\/www.inmomaurem.com\/fr\/aviso-legal\/","title":{"rendered":"Avis juridique"},"content":{"rendered":"<div data-elementor-type=\"wp-page\" data-elementor-id=\"17499\" class=\"elementor elementor-17499\">\n\t\t\t\t<div class=\"elementor-element elementor-element-166c3e1e e-flex e-con-boxed e-con e-parent\" data-id=\"166c3e1e\" data-element_type=\"container\" data-e-type=\"container\">\n\t\t\t\t\t<div class=\"e-con-inner\">\n\t\t\t\t<div class=\"elementor-element elementor-element-75ae839a elementor-widget elementor-widget-text-editor\" data-id=\"75ae839a\" data-element_type=\"widget\" data-e-type=\"widget\" data-widget_type=\"text-editor.default\">\n\t\t\t\t<div class=\"elementor-widget-container\">\n\t\t\t\t\t\t\t\t\t<p><strong>1) Conditions g\u00e9n\u00e9rales :<\/strong><\/p>\n<p>Le pr\u00e9sent avis l\u00e9gal contient les conditions qui r\u00e9gissent l'utilisation et l'acc\u00e8s au site web https:\/\/www.inmomaurem.com (ci-apr\u00e8s d\u00e9nomm\u00e9 site web) et les responsabilit\u00e9s d\u00e9riv\u00e9es de son utilisation, conform\u00e9ment \u00e0 la loi 34\/2002, du 11 juillet, sur les services de la soci\u00e9t\u00e9 de l'information et le commerce \u00e9lectronique (ci-apr\u00e8s d\u00e9nomm\u00e9e LSSI). Il est entendu que l'acc\u00e8s ou la simple utilisation du site web par l'utilisateur implique l'adh\u00e9sion de ce dernier \u00e0 toutes les conditions que l'INMOMAUREM a publi\u00e9es sur le site web \u00e0 ce moment-l\u00e0. L'utilisateur est inform\u00e9 que l'INMOMAUREM respecte la l\u00e9gislation en vigueur en mati\u00e8re de protection des donn\u00e9es \u00e0 caract\u00e8re personnel, de la vie priv\u00e9e des utilisateurs et du secret et de la s\u00e9curit\u00e9 de leurs donn\u00e9es personnelles, en adoptant les mesures techniques et organisationnelles n\u00e9cessaires pour \u00e9viter la perte, le mauvais usage, l'alt\u00e9ration, l'acc\u00e8s non autoris\u00e9 et le vol des donn\u00e9es \u00e0 caract\u00e8re personnel fournies.<\/p>\n<p><strong>2. le titulaire :<\/strong><\/p>\n<p>Le propri\u00e9taire de ce site web est :<\/p>\n<p>MAUREM JIM\u00c9NEZ VIDAL, ci-apr\u00e8s d\u00e9nomm\u00e9 INMOMAUREM, num\u00e9ro de TVA 55392228V, num\u00e9ro de t\u00e9l\u00e9phone 693 637 405 et adresse \u00e9lectronique info@inmomaurem.com.<\/p>\n<p><strong>3. Objet :<\/strong><\/p>\n<p>Ce site a pour objet d'informer sur l'activit\u00e9 et les services d\u00e9velopp\u00e9s et propos\u00e9s par l'INMOMAUREM.<\/p>\n<p><strong>4. Droits de propri\u00e9t\u00e9 intellectuelle et industrielle :<\/strong><\/p>\n<p>L'ensemble de ce site web : description et caract\u00e9ristiques, textes, images, marques, logos, boutons, fichiers de logiciels, ainsi que la structure, la s\u00e9lection, l'arrangement et la pr\u00e9sentation de son contenu sont prot\u00e9g\u00e9s par les lois espagnoles et internationales sur la propri\u00e9t\u00e9 intellectuelle et industrielle. En aucun cas l'acc\u00e8s de tiers \u00e0 ce site n'implique une quelconque renonciation, transmission ou cession totale ou partielle des droits accord\u00e9s par la l\u00e9gislation espagnole et internationale sur la propri\u00e9t\u00e9 intellectuelle et industrielle.<\/p>\n<p>Il est interdit de reproduire (\u00e0 l'exception du t\u00e9l\u00e9chargement temporaire du site web sur le disque dur de l'ordinateur de l'utilisateur ou sur des serveurs proxy), copier, utiliser, distribuer, r\u00e9utiliser, exploiter, faire des deuxi\u00e8mes copies, envoyer par courrier, transmettre, modifier, transf\u00e9rer ou tout autre acte r\u00e9alis\u00e9 avec tout ou partie des informations contenues sur ce site web sans l'autorisation expresse du propri\u00e9taire. L'utilisateur s'engage \u00e0 utiliser les contenus de mani\u00e8re diligente, correcte et licite et, en particulier, \u00e0 ne pas supprimer, \u00e9luder ou manipuler les droits d'auteur et autres donn\u00e9es identifiant les droits de l'INMOMAUREM ou de ses propri\u00e9taires inclus dans les contenus, ainsi que les dispositifs techniques de protection ou tout autre m\u00e9canisme d'information pouvant \u00eatre inclus dans les contenus. https:\/\/www.inmomaurem.com est un domaine enregistr\u00e9 par l'INMOMAUREM. Le domaine ne peut \u00eatre utilis\u00e9, sauf autorisation pr\u00e9alable expresse, en relation avec d'autres services n'appartenant pas \u00e0 l'entreprise, de quelque mani\u00e8re que ce soit pouvant cr\u00e9er une confusion parmi nos clients ou discr\u00e9diter l'INMOMAUREM.<\/p>\n<p><strong>5. L'acc\u00e8s :<\/strong><\/p>\n<p>L'acc\u00e8s au site est libre et gratuit. Toutefois, l'INMOMAUREM se r\u00e9serve le droit de limiter l'acc\u00e8s \u00e0 certaines zones du site aux utilisateurs qui ne disposent pas des informations d'identification appropri\u00e9es. Ces identifiants (nom d'utilisateur et mot de passe) sont fournis par l'INMOMAUREM \u00e0 ses clients, ou aux utilisateurs qui en font express\u00e9ment la demande, afin d'acc\u00e9der \u00e0 des informations sp\u00e9cifiques pour ce groupe d'utilisateurs. L'utilisation du mot de passe est personnelle et incessible, et ne peut \u00eatre transf\u00e9r\u00e9e, m\u00eame temporairement, \u00e0 des tiers. \u00c0 cet \u00e9gard, l'utilisateur s'engage \u00e0 l'utiliser avec diligence et \u00e0 le garder secret.<\/p>\n<p><strong>6. Responsabilit\u00e9 et obligation :<\/strong><\/p>\n<p><strong>6.1. Responsabilit\u00e9 du contenu<\/strong><\/p>\n<p>Le contenu de ce site web est de nature g\u00e9n\u00e9rale, avec un but exclusivement informatif et des effets de nos services et de notre activit\u00e9 commerciale. L'INMOMAUREM d\u00e9cline toute responsabilit\u00e9 pour toute d\u00e9cision prise par l'utilisateur du site web. L'INMOMAUREM d\u00e9cline toute responsabilit\u00e9 pour toute information non produite par l'entreprise ou non publi\u00e9e de mani\u00e8re autoris\u00e9e par elle sous son nom, ainsi que toute responsabilit\u00e9 d\u00e9coulant d'une mauvaise utilisation des contenus. De m\u00eame, l'INMOMAUREM se r\u00e9serve le droit d'actualiser, d'\u00e9liminer, de limiter ou d'emp\u00eacher l'acc\u00e8s aux contenus, de mani\u00e8re temporaire ou permanente.<\/p>\n<p><strong>6.2 Responsabilit\u00e9 des liens vers d'autres sites web (liens)<\/strong><\/p>\n<p>Les liens introduits sur ce site web le sont \u00e0 titre informatif uniquement et, par cons\u00e9quent, l'INMOMAUREM ne contr\u00f4le ni ne v\u00e9rifie les informations, le contenu, les produits ou les services fournis par l'interm\u00e9diaire de ces sites web. Par cons\u00e9quent, l'INMOMAUREM d\u00e9cline toute responsabilit\u00e9 pour tout aspect, en particulier le contenu, relatif aux pages li\u00e9es. Ces liens vers d'autres sites, ainsi que vers les produits ou services offerts par ceux-ci, n'impliquent aucune approbation, parrainage ou recommandation de la part de l'INMOMAUREM.<\/p>\n<p><strong>6.3. responsabilit\u00e9 dans le cas o\u00f9 ce site est la destination d'un lien plac\u00e9 sur un autre site<\/strong><\/p>\n<p>En ce qui concerne les liens \u00e9tablis par d'autres pages vers le site de l'INMOMAUREM, vous devez respecter les dispositions suivantes : - Vous devez demander l'autorisation avant de cr\u00e9er le lien et votre autorisation doit \u00eatre express\u00e9ment mentionn\u00e9e.<\/p>\n<p>Le lien doit \u00eatre absolu et complet, c'est-\u00e0-dire qu'il doit amener l'utilisateur \u00e0 l'adresse propre de l'INMOMAUREM et couvrir enti\u00e8rement l'\u00e9cran de la page d'accueil. En aucun cas, sauf autorisation expresse et \u00e9crite de l'INMOMAUREM, la page qui \u00e9tablit le lien ne peut reproduire de quelque mani\u00e8re que ce soit le site web de l'INMOMAUREM, l'inclure comme partie de son site web ou dans l'un de ses cadres ou cr\u00e9er un navigateur sur l'une des pages du site web.<\/p>\n<p>Aucune information erron\u00e9e ou incorrecte sur le site de l'INMOMAUREM ne sera donn\u00e9e.<\/p>\n<p>L'utilisation des signes distinctifs de l'INMOMAUREM, tels que les marques, les logos et les noms, doit faire l'objet d'une autorisation \u00e9crite.<\/p>\n<p>Le propri\u00e9taire de la page offrant le lien doit agir de bonne foi et ne doit pas chercher \u00e0 nuire \u00e0 la r\u00e9putation ou \u00e0 la bonne r\u00e9putation de l'INMOMAUREM.<\/p>\n<p>Il est interdit, sauf autorisation expresse de l'INMOMAUREM, d'enregistrer les \u00e9l\u00e9ments textuels de la marque ou du logo, du nom de domaine ou de la raison sociale de l'INMOMAUREM, comme mot-cl\u00e9 (\"metatags\" ou \"metanames\") pour la recherche de sites web effectu\u00e9e par le biais de moteurs de recherche. L'INMOMAUREM n'assume aucune responsabilit\u00e9 quant \u00e0 tout aspect relatif au site web proposant le lien.<\/p>\n<p><strong>6.4 Responsabilit\u00e9 des aspects techniques :<\/strong><\/p>\n<p>L'INMOMAUREM s'efforcera de fournir un service stable et durable, mais ne garantit en aucun cas la continuit\u00e9 du fonctionnement ou l'op\u00e9rabilit\u00e9 et la disponibilit\u00e9 du site web pour des raisons qui ne rel\u00e8vent pas de sa responsabilit\u00e9. L'INMOMAUREM d\u00e9cline toute responsabilit\u00e9 pour les dommages directs ou indirects, y compris les dommages aux syst\u00e8mes informatiques et l'introduction de virus sur Internet, d\u00e9coulant de la navigation sur Internet n\u00e9cessaire \u00e0 l'utilisation de ce site. Pour cette raison, l'INMOMAUREM ne sera en aucun cas d\u00e9dommag\u00e9 pour d'\u00e9ventuels probl\u00e8mes dus \u00e0 des dysfonctionnements du syst\u00e8me.<\/p>\n<p><strong>6.5. Obligations des utilisateurs :<\/strong><\/p>\n<p>L'utilisateur est responsable des dommages que l'INMOMAUREM pourrait subir en raison du non-respect, de sa part, de l'une des obligations \u00e9nonc\u00e9es dans le pr\u00e9sent avis juridique. L'INMOMAUREM se r\u00e9serve le droit d'exclure des services enregistr\u00e9s tout utilisateur ayant fourni de fausses informations et de r\u00e9silier le contrat d'assurance demand\u00e9, sans pr\u00e9judice des autres actions applicables en vertu de la loi. L'utilisateur ne peut pas utiliser ce service pour transmettre tout type de mat\u00e9riel ill\u00e9gal, mena\u00e7ant, diffamatoire ou tout autre type de mat\u00e9riel consid\u00e9r\u00e9 comme offensant. De m\u00eame, il est interdit de faire un mauvais usage des contenus de l'INMOMAUREM, de les utiliser \u00e0 des fins autres que celles auxquelles ils sont destin\u00e9s, de les reproduire, de les modifier ou de les transformer. Toute information obtenue \u00e0 partir du site de l'INMOMAUREM et affich\u00e9e sur une page externe doit \u00eatre d\u00fbment affich\u00e9e en indiquant la source, c'est-\u00e0-dire le nom du site et le lien ou la page \u00e0 partir de laquelle l'information a \u00e9t\u00e9 obtenue. En ce qui concerne la navigation, l'utilisateur s'engage \u00e0 respecter avec diligence et fid\u00e9lit\u00e9 les recommandations \u00e9tablies de temps \u00e0 autre par l'INMOMAUREM concernant l'utilisation du site. \u00c0 cet effet, l'INMOMAUREM contactera les utilisateurs par tout moyen de communication \u00e0 travers le site web.<\/p>\n<p><strong>7. Dur\u00e9e et modification :<\/strong><\/p>\n<p>L'INMOMAUREM a le droit de modifier unilat\u00e9ralement, en tout ou en partie, les termes et conditions stipul\u00e9s dans le pr\u00e9sent document. Les modifications appara\u00eetront et seront port\u00e9es \u00e0 la connaissance des utilisateurs de la m\u00eame mani\u00e8re qu'elles apparaissent dans le pr\u00e9sent avis l\u00e9gal. La validit\u00e9 temporaire de cet avis l\u00e9gal co\u00efncide donc avec le moment de son exposition, jusqu'\u00e0 ce qu'il soit modifi\u00e9 en tout ou en partie par l'INMOMAUREM. L'INMOMAUREM peut r\u00e9silier, suspendre ou interrompre unilat\u00e9ralement le fonctionnement de ce site web, sans possibilit\u00e9 de demander une quelconque indemnisation \u00e0 l'utilisateur. Apr\u00e8s cette r\u00e9siliation, l'utilisateur devra d\u00e9truire toute information sur l'INMOMAUREM qu'il poss\u00e8de sous quelque forme que ce soit et qu'il a obtenue par l'interm\u00e9diaire du site ou des communications que ce dernier lui a adress\u00e9es individuellement. L'INMOMAUREM n'a aucune obligation de maintenir tout contenu ou de transmettre tout message non lu ou non envoy\u00e9, que ce soit \u00e0 l'utilisateur ou \u00e0 un tiers.<\/p>\n<p><strong>8. L\u00e9gislation et comp\u00e9tence :<\/strong><\/p>\n<p>Les pr\u00e9sentes conditions d'utilisation sont r\u00e9gies par le droit espagnol. Les conditions qui apparaissent sur ce site web sont dans tous les cas soumises \u00e0 la l\u00e9gislation et aux tribunaux espagnols. En cas de litige entre l'utilisateur et l'INMOMAUREM, les parties conviennent express\u00e9ment de se soumettre aux Cours et Tribunaux de Torrevieja (Espagne) en ce qui concerne la prestation du service, renon\u00e7ant express\u00e9ment \u00e0 toute autre juridiction.<\/p>\t\t\t\t\t\t\t\t<\/div>\n\t\t\t\t<\/div>\n\t\t\t\t\t<\/div>\n\t\t\t\t<\/div>\n\t\t\t\t<\/div>","protected":false},"excerpt":{"rendered":"<p>1. Condiciones generales: Esta nota legal contiene las condiciones que regulan el uso y acceso al sitio web https:\/\/www.inmomaurem.com (en adelante sitio o web) y las responsabilidades derivadas de su utilizaci\u00f3n, en cumplimiento con la Ley 34\/2002, de 11 de julio, de Servicios de la Sociedad de la Informaci\u00f3n y el Comercio Electr\u00f3nico (en adelante, [&hellip;]<\/p>\n","protected":false},"author":1,"featured_media":0,"parent":0,"menu_order":0,"comment_status":"closed","ping_status":"closed","template":"template\/template-page.php","meta":{"footnotes":""},"class_list":["post-17499","page","type-page","status-publish","hentry"],"yoast_head":"<!-- This site is optimized with the Yoast SEO plugin v27.4 - https:\/\/yoast.com\/product\/yoast-seo-wordpress\/ -->\n<title>Aviso legal - InmoMaurem<\/title>\n<meta name=\"robots\" content=\"index, follow, max-snippet:-1, max-image-preview:large, max-video-preview:-1\" \/>\n<link rel=\"canonical\" href=\"https:\/\/www.inmomaurem.com\/fr\/aviso-legal\/\" \/>\n<meta property=\"og:locale\" content=\"fr_FR\" \/>\n<meta property=\"og:type\" content=\"article\" \/>\n<meta property=\"og:title\" content=\"Aviso legal - InmoMaurem\" \/>\n<meta property=\"og:description\" content=\"1. Condiciones generales: Esta nota legal contiene las condiciones que regulan el uso y acceso al sitio web https:\/\/www.inmomaurem.com (en adelante sitio o web) y las responsabilidades derivadas de su utilizaci\u00f3n, en cumplimiento con la Ley 34\/2002, de 11 de julio, de Servicios de la Sociedad de la Informaci\u00f3n y el Comercio Electr\u00f3nico (en adelante, [&hellip;]\" \/>\n<meta property=\"og:url\" content=\"https:\/\/www.inmomaurem.com\/fr\/aviso-legal\/\" \/>\n<meta property=\"og:site_name\" content=\"InmoMaurem\" \/>\n<meta property=\"article:modified_time\" content=\"2025-05-06T10:10:52+00:00\" \/>\n<meta name=\"twitter:card\" content=\"summary_large_image\" \/>\n<meta name=\"twitter:label1\" content=\"Dur\u00e9e de lecture estim\u00e9e\" \/>\n\t<meta name=\"twitter:data1\" content=\"8 minutes\" \/>\n<script type=\"application\/ld+json\" class=\"yoast-schema-graph\">{\"@context\":\"https:\\\/\\\/schema.org\",\"@graph\":[{\"@type\":\"WebPage\",\"@id\":\"https:\\\/\\\/www.inmomaurem.com\\\/aviso-legal\\\/\",\"url\":\"https:\\\/\\\/www.inmomaurem.com\\\/aviso-legal\\\/\",\"name\":\"Aviso legal - InmoMaurem\",\"isPartOf\":{\"@id\":\"https:\\\/\\\/www.inmomaurem.com\\\/#website\"},\"datePublished\":\"2025-05-06T08:26:12+00:00\",\"dateModified\":\"2025-05-06T10:10:52+00:00\",\"breadcrumb\":{\"@id\":\"https:\\\/\\\/www.inmomaurem.com\\\/aviso-legal\\\/#breadcrumb\"},\"inLanguage\":\"fr-FR\",\"potentialAction\":[{\"@type\":\"ReadAction\",\"target\":[\"https:\\\/\\\/www.inmomaurem.com\\\/aviso-legal\\\/\"]}]},{\"@type\":\"BreadcrumbList\",\"@id\":\"https:\\\/\\\/www.inmomaurem.com\\\/aviso-legal\\\/#breadcrumb\",\"itemListElement\":[{\"@type\":\"ListItem\",\"position\":1,\"name\":\"Portada\",\"item\":\"https:\\\/\\\/www.inmomaurem.com\\\/\"},{\"@type\":\"ListItem\",\"position\":2,\"name\":\"Aviso legal\"}]},{\"@type\":\"WebSite\",\"@id\":\"https:\\\/\\\/www.inmomaurem.com\\\/#website\",\"url\":\"https:\\\/\\\/www.inmomaurem.com\\\/\",\"name\":\"InmoMaurem\",\"description\":\"Servicios  esenciales de hogar y negocio\",\"potentialAction\":[{\"@type\":\"SearchAction\",\"target\":{\"@type\":\"EntryPoint\",\"urlTemplate\":\"https:\\\/\\\/www.inmomaurem.com\\\/?s={search_term_string}\"},\"query-input\":{\"@type\":\"PropertyValueSpecification\",\"valueRequired\":true,\"valueName\":\"search_term_string\"}}],\"inLanguage\":\"fr-FR\"}]}<\/script>\n<!-- \/ Yoast SEO plugin. -->","yoast_head_json":{"title":"Aviso legal - InmoMaurem","robots":{"index":"index","follow":"follow","max-snippet":"max-snippet:-1","max-image-preview":"max-image-preview:large","max-video-preview":"max-video-preview:-1"},"canonical":"https:\/\/www.inmomaurem.com\/fr\/aviso-legal\/","og_locale":"fr_FR","og_type":"article","og_title":"Aviso legal - InmoMaurem","og_description":"1. Condiciones generales: Esta nota legal contiene las condiciones que regulan el uso y acceso al sitio web https:\/\/www.inmomaurem.com (en adelante sitio o web) y las responsabilidades derivadas de su utilizaci\u00f3n, en cumplimiento con la Ley 34\/2002, de 11 de julio, de Servicios de la Sociedad de la Informaci\u00f3n y el Comercio Electr\u00f3nico (en adelante, [&hellip;]","og_url":"https:\/\/www.inmomaurem.com\/fr\/aviso-legal\/","og_site_name":"InmoMaurem","article_modified_time":"2025-05-06T10:10:52+00:00","twitter_card":"summary_large_image","twitter_misc":{"Dur\u00e9e de lecture estim\u00e9e":"8 minutes"},"schema":{"@context":"https:\/\/schema.org","@graph":[{"@type":"WebPage","@id":"https:\/\/www.inmomaurem.com\/aviso-legal\/","url":"https:\/\/www.inmomaurem.com\/aviso-legal\/","name":"Aviso legal - InmoMaurem","isPartOf":{"@id":"https:\/\/www.inmomaurem.com\/#website"},"datePublished":"2025-05-06T08:26:12+00:00","dateModified":"2025-05-06T10:10:52+00:00","breadcrumb":{"@id":"https:\/\/www.inmomaurem.com\/aviso-legal\/#breadcrumb"},"inLanguage":"fr-FR","potentialAction":[{"@type":"ReadAction","target":["https:\/\/www.inmomaurem.com\/aviso-legal\/"]}]},{"@type":"BreadcrumbList","@id":"https:\/\/www.inmomaurem.com\/aviso-legal\/#breadcrumb","itemListElement":[{"@type":"ListItem","position":1,"name":"Portada","item":"https:\/\/www.inmomaurem.com\/"},{"@type":"ListItem","position":2,"name":"Aviso legal"}]},{"@type":"WebSite","@id":"https:\/\/www.inmomaurem.com\/#website","url":"https:\/\/www.inmomaurem.com\/","name":"InmoMaurem","description":"Services essentiels aux particuliers et aux entreprises","potentialAction":[{"@type":"SearchAction","target":{"@type":"EntryPoint","urlTemplate":"https:\/\/www.inmomaurem.com\/?s={search_term_string}"},"query-input":{"@type":"PropertyValueSpecification","valueRequired":true,"valueName":"search_term_string"}}],"inLanguage":"fr-FR"}]}},"_links":{"self":[{"href":"https:\/\/www.inmomaurem.com\/fr\/wp-json\/wp\/v2\/pages\/17499","targetHints":{"allow":["GET"]}}],"collection":[{"href":"https:\/\/www.inmomaurem.com\/fr\/wp-json\/wp\/v2\/pages"}],"about":[{"href":"https:\/\/www.inmomaurem.com\/fr\/wp-json\/wp\/v2\/types\/page"}],"author":[{"embeddable":true,"href":"https:\/\/www.inmomaurem.com\/fr\/wp-json\/wp\/v2\/users\/1"}],"replies":[{"embeddable":true,"href":"https:\/\/www.inmomaurem.com\/fr\/wp-json\/wp\/v2\/comments?post=17499"}],"version-history":[{"count":11,"href":"https:\/\/www.inmomaurem.com\/fr\/wp-json\/wp\/v2\/pages\/17499\/revisions"}],"predecessor-version":[{"id":19963,"href":"https:\/\/www.inmomaurem.com\/fr\/wp-json\/wp\/v2\/pages\/17499\/revisions\/19963"}],"wp:attachment":[{"href":"https:\/\/www.inmomaurem.com\/fr\/wp-json\/wp\/v2\/media?parent=17499"}],"curies":[{"name":"wp","href":"https:\/\/api.w.org\/{rel}","templated":true}]}}