{"id":3,"date":"2025-04-30T14:06:16","date_gmt":"2025-04-30T12:06:16","guid":{"rendered":"https:\/\/www.inmomaurem.com\/?page_id=3"},"modified":"2025-05-06T12:10:59","modified_gmt":"2025-05-06T10:10:59","slug":"politica-privacidad","status":"publish","type":"page","link":"https:\/\/www.inmomaurem.com\/fr\/politica-privacidad\/","title":{"rendered":"Politique de confidentialit\u00e9"},"content":{"rendered":"<div data-elementor-type=\"wp-page\" data-elementor-id=\"3\" class=\"elementor elementor-3\">\n\t\t\t\t<div class=\"elementor-element elementor-element-62133f0 e-flex e-con-boxed e-con e-parent\" data-id=\"62133f0\" data-element_type=\"container\" data-e-type=\"container\">\n\t\t\t\t\t<div class=\"e-con-inner\">\n\t\t\t\t<div class=\"elementor-element elementor-element-29c882ae elementor-widget elementor-widget-text-editor\" data-id=\"29c882ae\" data-element_type=\"widget\" data-e-type=\"widget\" data-widget_type=\"text-editor.default\">\n\t\t\t\t<div class=\"elementor-widget-container\">\n\t\t\t\t\t\t\t\t\t<p>En Europe et en Espagne, il existe des r\u00e9glementations en mati\u00e8re de protection des donn\u00e9es con\u00e7ues pour prot\u00e9ger vos informations personnelles et qui sont obligatoires pour notre entreprise.<\/p>\n<p>Il est donc tr\u00e8s important pour nous que vous compreniez parfaitement ce que nous allons faire des donn\u00e9es personnelles que nous vous demandons.<\/p>\n<p>Nous serons transparents et vous donnerons le contr\u00f4le de vos donn\u00e9es, avec un langage simple et des choix clairs qui vous permettront de d\u00e9cider de ce que nous faisons de vos informations personnelles.<\/p>\n<p>N'h\u00e9sitez pas \u00e0 nous contacter si vous avez des questions apr\u00e8s avoir lu ces informations.<\/p>\n<p>Merci beaucoup pour votre coop\u00e9ration.<\/p>\n<h3><strong>\u00bf<\/strong><strong>Qui sommes-nous ?<\/strong><\/h3>\n<ul>\n<li>Notre d\u00e9nomination : <b>MAUREM JIMENEZ VIDAL<\/b><\/li>\n<li>Notre CIF \/ NIF : <b>55392228V<\/b><\/li>\n<li>Notre activit\u00e9 principale :<strong> SERVICES ESSENTIELS POUR LES ENTREPRISES ET LES M\u00c9NAGES<\/strong><\/li>\n<li>Notre num\u00e9ro de t\u00e9l\u00e9phone de contact : <b>693 637 405<\/b><\/li>\n<li>Notre adresse e-mail de contact : <b>INFO@INMOMAUREM.COM<\/b><\/li>\n<li>Notre site web : <b>INMOMAUREM.COM<\/b><\/li><li>Notre activit\u00e9 principale est soumise \u00e0 un r\u00e9gime d'autorisation administrative pr\u00e9alable. Pour votre confiance et votre s\u00e9curit\u00e9, nous vous fournissons les d\u00e9tails de cette autorisation et les donn\u00e9es d'identification de l'organe de contr\u00f4le comp\u00e9tent :<\/li>\n<\/ul>\n<p>Nous sommes \u00e0 votre disposition, n'h\u00e9sitez pas \u00e0 nous contacter.<\/p>\n<h3><strong>\u00c0 quelles fins allons-nous utiliser vos donn\u00e9es ?<\/strong><\/h3>\n<p>En g\u00e9n\u00e9ral, vos donn\u00e9es personnelles seront utilis\u00e9es pour vous contacter et vous fournir nos services.<\/p>\n<p>Elles peuvent \u00e9galement \u00eatre utilis\u00e9es pour d'autres activit\u00e9s, telles que l'envoi de publicit\u00e9 ou la promotion de nos activit\u00e9s.<\/p>\n<h3><strong>Pourquoi avons-nous besoin d'utiliser vos donn\u00e9es ?<\/strong><\/h3>\n<p>Vos donn\u00e9es personnelles sont n\u00e9cessaires pour que nous puissions interagir avec vous et vous fournir nos services. \u00c0 cet \u00e9gard, nous vous proposons un certain nombre de cases \u00e0 cocher qui vous permettront de prendre une d\u00e9cision claire et simple quant \u00e0 l'utilisation de vos informations personnelles.<\/p>\n<h3><strong>Qui conna\u00eetra les informations que nous demandons ?<\/strong><\/h3>\n<p>En g\u00e9n\u00e9ral, seul le personnel d\u00fbment autoris\u00e9 de notre organisation peut avoir acc\u00e8s aux informations que nous demandons.<\/p>\n<p>De m\u00eame, les entit\u00e9s qui doivent avoir acc\u00e8s \u00e0 vos informations personnelles pour que nous puissions vous fournir nos services peuvent \u00e9galement avoir acc\u00e8s \u00e0 vos informations personnelles. Par exemple, notre banque conna\u00eetra vos coordonn\u00e9es si le paiement de nos services est effectu\u00e9 par carte de cr\u00e9dit ou par virement bancaire.<\/p>\n<p>De m\u00eame, les entit\u00e9s publiques ou priv\u00e9es auxquelles nous sommes oblig\u00e9s de fournir vos donn\u00e9es personnelles pour nous conformer \u00e0 une loi auront connaissance de vos informations. \u00c0 titre d'exemple, la loi fiscale nous oblige \u00e0 fournir \u00e0 l'Agence fiscale certaines informations sur les transactions \u00e9conomiques d\u00e9passant un certain montant.<\/p>\n<p>Si, en dehors des cas mentionn\u00e9s ci-dessus, nous devons divulguer vos informations personnelles \u00e0 d'autres entit\u00e9s, nous vous demanderons votre autorisation pr\u00e9alable par le biais d'options claires qui vous permettront de prendre une d\u00e9cision \u00e0 cet \u00e9gard.<\/p>\n<h3><strong>Comment prot\u00e9geons-nous vos donn\u00e9es ?<\/strong><\/h3>\n<p>Nous prot\u00e9gerons vos donn\u00e9es par des mesures de s\u00e9curit\u00e9 efficaces correspondant aux risques associ\u00e9s \u00e0 l'utilisation de vos informations.<\/p>\n<p>\u00c0 cette fin, nous avons approuv\u00e9 une politique de protection des donn\u00e9es et des contr\u00f4les et audits annuels sont effectu\u00e9s pour garantir que vos donn\u00e9es personnelles sont s\u00e9curis\u00e9es \u00e0 tout moment.<\/p>\n<h3><strong>Envoyons-nous vos donn\u00e9es \u00e0 d'autres pays ?<\/strong><\/h3>\n<p>Il y a des pays dans le monde qui sont s\u00fbrs pour vos donn\u00e9es et d'autres qui le sont moins. Par exemple, l'Union europ\u00e9enne est un environnement s\u00fbr pour vos donn\u00e9es. Notre politique est de ne pas envoyer vos informations personnelles dans un pays qui n'est pas s\u00fbr du point de vue de la protection des donn\u00e9es.<\/p>\n<p>Si, pour vous fournir le service, il est indispensable d'envoyer vos donn\u00e9es dans un pays qui n'est pas aussi s\u00fbr que l'Espagne, nous vous demanderons toujours votre autorisation pr\u00e9alable et nous appliquerons des mesures de s\u00e9curit\u00e9 efficaces pour r\u00e9duire les risques li\u00e9s \u00e0 l'envoi de vos informations personnelles dans un autre pays.<\/p>\n<h3><strong>Combien de temps conserverons-nous vos donn\u00e9es ?<\/strong><\/h3>\n<p>Nous conserverons vos donn\u00e9es pendant toute la dur\u00e9e de notre relation et aussi longtemps que la loi nous y oblige. \u00c0 l'issue des p\u00e9riodes l\u00e9gales applicables, nous les d\u00e9truirons d'une mani\u00e8re s\u00fbre et respectueuse de l'environnement.<\/p>\n<h3><strong>Quels sont vos droits en mati\u00e8re de protection des donn\u00e9es ?<\/strong><\/h3>\n<p>Vous pouvez nous contacter \u00e0 tout moment pour conna\u00eetre les informations que nous d\u00e9tenons \u00e0 votre sujet, les rectifier si elles sont incorrectes et les supprimer apr\u00e8s la fin de notre relation, lorsque cela est l\u00e9galement possible.<\/p>\n<p>Vous avez \u00e9galement le droit de demander le transfert de vos informations \u00e0 une autre entit\u00e9. Ce droit est appel\u00e9 \"portabilit\u00e9\" et peut \u00eatre utile dans certaines situations.<\/p>\n<p>Pour faire valoir l'un de ces droits, vous devez en faire la demande par \u00e9crit \u00e0 notre adresse, accompagn\u00e9e d'une photocopie de votre carte d'identit\u00e9, afin que nous puissions vous identifier.<\/p>\n<p>Des formulaires sp\u00e9cifiques sont disponibles dans nos bureaux pour demander ces droits et nous vous offrons notre aide pour les remplir.<\/p>\n<p>Pour en savoir plus sur vos droits en mati\u00e8re de protection des donn\u00e9es, vous pouvez consulter le site web de l'Agence espagnole de protection des donn\u00e9es (<a href=\"http:\/\/www.agpd.es\/\">www.agpd.es<\/a>).<\/p>\n<h3><strong>Pouvez-vous retirer votre consentement si vous changez d'avis ult\u00e9rieurement ?<\/strong><\/h3>\n<p>Vous pouvez \u00e0 tout moment retirer votre consentement si vous changez d'avis sur l'utilisation de vos donn\u00e9es.<\/p>\n<p>Par exemple, si vous avez \u00e9t\u00e9 int\u00e9ress\u00e9 par la r\u00e9ception de publicit\u00e9 pour nos produits ou services, mais que vous ne souhaitez plus recevoir de publicit\u00e9, vous pouvez nous le faire savoir en remplissant le formulaire d'opposition disponible dans nos bureaux.<\/p>\n<h3><strong>Si vous estimez que vos droits n'ont pas \u00e9t\u00e9 respect\u00e9s, o\u00f9 pouvez-vous d\u00e9poser une plainte ?<\/strong><\/h3>\n<p>Si vous estimez que notre entit\u00e9 n'a pas respect\u00e9 vos droits, vous pouvez d\u00e9poser une plainte aupr\u00e8s de l'Agence espagnole de protection des donn\u00e9es, par l'un des moyens suivants :<\/p>\n<ul>\n<li>Si\u00e8ge \u00e9lectronique : www.agpd.es<\/li>\n<li>Adresse postale :<\/li>\n<\/ul>\n<p>Agence espagnole de protection des donn\u00e9es<br>C\/ Jorge Juan, 6<br>28001-Madrid<\/p>\n<ul>\n<li>Par t\u00e9l\u00e9phone :<\/li>\n<\/ul>\n<p>T\u00e9l. 901 100 099<\/p>\n<p>T\u00e9l. 91 266 35 17<\/p>\n<p>Le d\u00e9p\u00f4t d'une plainte aupr\u00e8s de l'Agence espagnole de protection des donn\u00e9es n'entra\u00eene aucun co\u00fbt et l'assistance d'un avocat ou d'un juriste n'est pas n\u00e9cessaire.<\/p>\n<h3><strong>Allons-nous \u00e9tablir votre profil ?<\/strong><\/h3>\n<p>Nous avons pour principe de ne pas \u00e9tablir de profil pour les utilisateurs de nos services.<\/p>\n<p>Toutefois, il peut arriver que, pour des raisons de service, de marketing ou autres, nous ayons besoin d'\u00e9tablir un profil des informations vous concernant. Un exemple pourrait \u00eatre l'utilisation de votre historique d'achat ou de service pour nous permettre de vous offrir des produits ou des services adapt\u00e9s \u00e0 vos go\u00fbts ou \u00e0 vos besoins.<\/p>\n<p>Dans ce cas, nous mettrons en \u0153uvre des mesures de s\u00e9curit\u00e9 efficaces pour prot\u00e9ger \u00e0 tout moment vos informations contre les personnes non autoris\u00e9es cherchant \u00e0 les utiliser \u00e0 leur profit.<\/p>\n<h3><strong>Vos donn\u00e9es seront-elles utilis\u00e9es \u00e0 d'autres fins ?<\/strong><\/h3>\n<p>Notre politique est de ne pas utiliser vos donn\u00e9es \u00e0 des fins autres que celles que nous vous avons expliqu\u00e9es. Si, toutefois, nous devons utiliser vos donn\u00e9es pour d'autres activit\u00e9s, nous vous demanderons toujours votre autorisation au pr\u00e9alable en vous proposant des options claires pour vous permettre de d\u00e9cider.<\/p>\t\t\t\t\t\t\t\t<\/div>\n\t\t\t\t<\/div>\n\t\t\t\t\t<\/div>\n\t\t\t\t<\/div>\n\t\t\t\t<\/div>","protected":false},"excerpt":{"rendered":"<p>En Europa y en Espa\u00f1a existen normas de protecci\u00f3n de datos pensadas para proteger su informaci\u00f3n personal de obligado cumplimiento para nuestra entidad. Por ello, es muy importante para nosotros que entienda perfectamente qu\u00e9 vamos a hacer con los datos personales que le pedimos. As\u00ed, seremos transparentes y le daremos el control de sus datos, [&hellip;]<\/p>\n","protected":false},"author":1,"featured_media":0,"parent":0,"menu_order":0,"comment_status":"closed","ping_status":"closed","template":"template\/template-page.php","meta":{"footnotes":""},"class_list":["post-3","page","type-page","status-publish","hentry"],"yoast_head":"<!-- This site is optimized with the Yoast SEO plugin v27.4 - https:\/\/yoast.com\/product\/yoast-seo-wordpress\/ -->\n<title>Pol\u00edtica de privacidad - InmoMaurem<\/title>\n<meta name=\"robots\" content=\"index, follow, max-snippet:-1, max-image-preview:large, max-video-preview:-1\" \/>\n<link rel=\"canonical\" href=\"https:\/\/www.inmomaurem.com\/fr\/politica-privacidad\/\" \/>\n<meta property=\"og:locale\" content=\"fr_FR\" \/>\n<meta property=\"og:type\" content=\"article\" \/>\n<meta property=\"og:title\" content=\"Pol\u00edtica de privacidad - InmoMaurem\" \/>\n<meta property=\"og:description\" content=\"En Europa y en Espa\u00f1a existen normas de protecci\u00f3n de datos pensadas para proteger su informaci\u00f3n personal de obligado cumplimiento para nuestra entidad. Por ello, es muy importante para nosotros que entienda perfectamente qu\u00e9 vamos a hacer con los datos personales que le pedimos. As\u00ed, seremos transparentes y le daremos el control de sus datos, [&hellip;]\" \/>\n<meta property=\"og:url\" content=\"https:\/\/www.inmomaurem.com\/fr\/politica-privacidad\/\" \/>\n<meta property=\"og:site_name\" content=\"InmoMaurem\" \/>\n<meta property=\"article:modified_time\" content=\"2025-05-06T10:10:59+00:00\" \/>\n<meta name=\"twitter:card\" content=\"summary_large_image\" \/>\n<meta name=\"twitter:label1\" content=\"Dur\u00e9e de lecture estim\u00e9e\" \/>\n\t<meta name=\"twitter:data1\" content=\"6 minutes\" \/>\n<script type=\"application\/ld+json\" class=\"yoast-schema-graph\">{\"@context\":\"https:\\\/\\\/schema.org\",\"@graph\":[{\"@type\":\"WebPage\",\"@id\":\"https:\\\/\\\/www.inmomaurem.com\\\/politica-privacidad\\\/\",\"url\":\"https:\\\/\\\/www.inmomaurem.com\\\/politica-privacidad\\\/\",\"name\":\"Pol\u00edtica de privacidad - InmoMaurem\",\"isPartOf\":{\"@id\":\"https:\\\/\\\/www.inmomaurem.com\\\/#website\"},\"datePublished\":\"2025-04-30T12:06:16+00:00\",\"dateModified\":\"2025-05-06T10:10:59+00:00\",\"breadcrumb\":{\"@id\":\"https:\\\/\\\/www.inmomaurem.com\\\/politica-privacidad\\\/#breadcrumb\"},\"inLanguage\":\"fr-FR\",\"potentialAction\":[{\"@type\":\"ReadAction\",\"target\":[\"https:\\\/\\\/www.inmomaurem.com\\\/politica-privacidad\\\/\"]}]},{\"@type\":\"BreadcrumbList\",\"@id\":\"https:\\\/\\\/www.inmomaurem.com\\\/politica-privacidad\\\/#breadcrumb\",\"itemListElement\":[{\"@type\":\"ListItem\",\"position\":1,\"name\":\"Portada\",\"item\":\"https:\\\/\\\/www.inmomaurem.com\\\/\"},{\"@type\":\"ListItem\",\"position\":2,\"name\":\"Pol\u00edtica de privacidad\"}]},{\"@type\":\"WebSite\",\"@id\":\"https:\\\/\\\/www.inmomaurem.com\\\/#website\",\"url\":\"https:\\\/\\\/www.inmomaurem.com\\\/\",\"name\":\"InmoMaurem\",\"description\":\"Servicios  esenciales de hogar y negocio\",\"potentialAction\":[{\"@type\":\"SearchAction\",\"target\":{\"@type\":\"EntryPoint\",\"urlTemplate\":\"https:\\\/\\\/www.inmomaurem.com\\\/?s={search_term_string}\"},\"query-input\":{\"@type\":\"PropertyValueSpecification\",\"valueRequired\":true,\"valueName\":\"search_term_string\"}}],\"inLanguage\":\"fr-FR\"}]}<\/script>\n<!-- \/ Yoast SEO plugin. -->","yoast_head_json":{"title":"Pol\u00edtica de privacidad - InmoMaurem","robots":{"index":"index","follow":"follow","max-snippet":"max-snippet:-1","max-image-preview":"max-image-preview:large","max-video-preview":"max-video-preview:-1"},"canonical":"https:\/\/www.inmomaurem.com\/fr\/politica-privacidad\/","og_locale":"fr_FR","og_type":"article","og_title":"Pol\u00edtica de privacidad - InmoMaurem","og_description":"En Europa y en Espa\u00f1a existen normas de protecci\u00f3n de datos pensadas para proteger su informaci\u00f3n personal de obligado cumplimiento para nuestra entidad. Por ello, es muy importante para nosotros que entienda perfectamente qu\u00e9 vamos a hacer con los datos personales que le pedimos. As\u00ed, seremos transparentes y le daremos el control de sus datos, [&hellip;]","og_url":"https:\/\/www.inmomaurem.com\/fr\/politica-privacidad\/","og_site_name":"InmoMaurem","article_modified_time":"2025-05-06T10:10:59+00:00","twitter_card":"summary_large_image","twitter_misc":{"Dur\u00e9e de lecture estim\u00e9e":"6 minutes"},"schema":{"@context":"https:\/\/schema.org","@graph":[{"@type":"WebPage","@id":"https:\/\/www.inmomaurem.com\/politica-privacidad\/","url":"https:\/\/www.inmomaurem.com\/politica-privacidad\/","name":"Pol\u00edtica de privacidad - InmoMaurem","isPartOf":{"@id":"https:\/\/www.inmomaurem.com\/#website"},"datePublished":"2025-04-30T12:06:16+00:00","dateModified":"2025-05-06T10:10:59+00:00","breadcrumb":{"@id":"https:\/\/www.inmomaurem.com\/politica-privacidad\/#breadcrumb"},"inLanguage":"fr-FR","potentialAction":[{"@type":"ReadAction","target":["https:\/\/www.inmomaurem.com\/politica-privacidad\/"]}]},{"@type":"BreadcrumbList","@id":"https:\/\/www.inmomaurem.com\/politica-privacidad\/#breadcrumb","itemListElement":[{"@type":"ListItem","position":1,"name":"Portada","item":"https:\/\/www.inmomaurem.com\/"},{"@type":"ListItem","position":2,"name":"Pol\u00edtica de privacidad"}]},{"@type":"WebSite","@id":"https:\/\/www.inmomaurem.com\/#website","url":"https:\/\/www.inmomaurem.com\/","name":"InmoMaurem","description":"Services essentiels aux particuliers et aux entreprises","potentialAction":[{"@type":"SearchAction","target":{"@type":"EntryPoint","urlTemplate":"https:\/\/www.inmomaurem.com\/?s={search_term_string}"},"query-input":{"@type":"PropertyValueSpecification","valueRequired":true,"valueName":"search_term_string"}}],"inLanguage":"fr-FR"}]}},"_links":{"self":[{"href":"https:\/\/www.inmomaurem.com\/fr\/wp-json\/wp\/v2\/pages\/3","targetHints":{"allow":["GET"]}}],"collection":[{"href":"https:\/\/www.inmomaurem.com\/fr\/wp-json\/wp\/v2\/pages"}],"about":[{"href":"https:\/\/www.inmomaurem.com\/fr\/wp-json\/wp\/v2\/types\/page"}],"author":[{"embeddable":true,"href":"https:\/\/www.inmomaurem.com\/fr\/wp-json\/wp\/v2\/users\/1"}],"replies":[{"embeddable":true,"href":"https:\/\/www.inmomaurem.com\/fr\/wp-json\/wp\/v2\/comments?post=3"}],"version-history":[{"count":5,"href":"https:\/\/www.inmomaurem.com\/fr\/wp-json\/wp\/v2\/pages\/3\/revisions"}],"predecessor-version":[{"id":19965,"href":"https:\/\/www.inmomaurem.com\/fr\/wp-json\/wp\/v2\/pages\/3\/revisions\/19965"}],"wp:attachment":[{"href":"https:\/\/www.inmomaurem.com\/fr\/wp-json\/wp\/v2\/media?parent=3"}],"curies":[{"name":"wp","href":"https:\/\/api.w.org\/{rel}","templated":true}]}}